{"id":4406,"date":"2025-03-15T23:15:37","date_gmt":"2025-03-16T03:15:37","guid":{"rendered":"https:\/\/boulangerieepifanny.com\/?post_type=product&#038;p=4406"},"modified":"2026-03-18T20:05:53","modified_gmt":"2026-03-19T00:05:53","slug":"financier-chocolat-pacane","status":"publish","type":"product","link":"https:\/\/staging.boulangerieepifanny.com\/en\/product\/financier-chocolat-pacane\/","title":{"rendered":"Chocolate-pecan financier"},"content":{"rendered":"<p>Chocolate biscuits, Praline crisp, Whipped ganache, Chocolate cream.<\/p>","protected":false},"excerpt":{"rendered":"<p>Chocolate biscuits, Praline crisp, Whipped ganache, Chocolate cream.<\/p>","protected":false},"featured_media":4407,"template":"","meta":{"inline_featured_image":false},"product_brand":[],"product_cat":[32],"product_tag":[18,17,19,21],"class_list":{"0":"post-4406","1":"product","2":"type-product","3":"status-publish","4":"has-post-thumbnail","6":"product_cat-patisseries","7":"product_tag-fruit-a-coques","8":"product_tag-gluten","9":"product_tag-lait","10":"product_tag-oeufs","12":"first","13":"instock","14":"taxable","15":"shipping-taxable","16":"purchasable","17":"product-type-simple"},"yoast_head":"<!-- This site is optimized with the Yoast SEO plugin v27.3 - https:\/\/yoast.com\/product\/yoast-seo-wordpress\/ -->\n<title>Financier chocolat-pacane - Boulangerie Epi&#039;fanny<\/title>\n<meta name=\"robots\" content=\"noindex, follow, max-snippet:-1, max-image-preview:large, max-video-preview:-1\" \/>\n<meta property=\"og:locale\" content=\"en_US\" \/>\n<meta property=\"og:type\" content=\"article\" \/>\n<meta property=\"og:title\" content=\"Financier chocolat-pacane - Boulangerie Epi&#039;fanny\" \/>\n<meta property=\"og:description\" content=\"Biscuits chocolat, Croustillant pralin\u00e9, Ganache mont\u00e9e, Cr\u00e9meux chocolat.\" \/>\n<meta property=\"og:url\" content=\"https:\/\/staging.boulangerieepifanny.com\/en\/product\/financier-chocolat-pacane\/\" \/>\n<meta property=\"og:site_name\" content=\"Boulangerie Epi&#039;fanny\" \/>\n<meta property=\"article:modified_time\" content=\"2026-03-19T00:05:53+00:00\" \/>\n<meta property=\"og:image\" content=\"https:\/\/staging.boulangerieepifanny.com\/wp-content\/uploads\/2025\/03\/financier_chocolat.jpg\" \/>\n\t<meta property=\"og:image:width\" content=\"800\" \/>\n\t<meta property=\"og:image:height\" content=\"800\" \/>\n\t<meta property=\"og:image:type\" content=\"image\/jpeg\" \/>\n<meta name=\"twitter:card\" content=\"summary_large_image\" \/>\n<meta name=\"twitter:label1\" content=\"Est. reading time\" \/>\n\t<meta name=\"twitter:data1\" content=\"1 minute\" \/>\n<script type=\"application\/ld+json\" class=\"yoast-schema-graph\">{\"@context\":\"https:\\\/\\\/schema.org\",\"@graph\":[{\"@type\":\"WebPage\",\"@id\":\"https:\\\/\\\/staging.boulangerieepifanny.com\\\/produit\\\/financier-chocolat-pacane\\\/\",\"url\":\"https:\\\/\\\/staging.boulangerieepifanny.com\\\/produit\\\/financier-chocolat-pacane\\\/\",\"name\":\"Financier chocolat-pacane - Boulangerie Epi&#039;fanny\",\"isPartOf\":{\"@id\":\"https:\\\/\\\/staging.boulangerieepifanny.com\\\/#website\"},\"primaryImageOfPage\":{\"@id\":\"https:\\\/\\\/staging.boulangerieepifanny.com\\\/produit\\\/financier-chocolat-pacane\\\/#primaryimage\"},\"image\":{\"@id\":\"https:\\\/\\\/staging.boulangerieepifanny.com\\\/produit\\\/financier-chocolat-pacane\\\/#primaryimage\"},\"thumbnailUrl\":\"https:\\\/\\\/staging.boulangerieepifanny.com\\\/wp-content\\\/uploads\\\/2025\\\/03\\\/financier_chocolat.jpg\",\"datePublished\":\"2025-03-16T03:15:37+00:00\",\"dateModified\":\"2026-03-19T00:05:53+00:00\",\"breadcrumb\":{\"@id\":\"https:\\\/\\\/staging.boulangerieepifanny.com\\\/produit\\\/financier-chocolat-pacane\\\/#breadcrumb\"},\"inLanguage\":\"en-CA\",\"potentialAction\":[{\"@type\":\"ReadAction\",\"target\":[\"https:\\\/\\\/staging.boulangerieepifanny.com\\\/produit\\\/financier-chocolat-pacane\\\/\"]}]},{\"@type\":\"ImageObject\",\"inLanguage\":\"en-CA\",\"@id\":\"https:\\\/\\\/staging.boulangerieepifanny.com\\\/produit\\\/financier-chocolat-pacane\\\/#primaryimage\",\"url\":\"https:\\\/\\\/staging.boulangerieepifanny.com\\\/wp-content\\\/uploads\\\/2025\\\/03\\\/financier_chocolat.jpg\",\"contentUrl\":\"https:\\\/\\\/staging.boulangerieepifanny.com\\\/wp-content\\\/uploads\\\/2025\\\/03\\\/financier_chocolat.jpg\",\"width\":800,\"height\":800,\"caption\":\"financier_chocolat_boulangerie_epifanny\"},{\"@type\":\"BreadcrumbList\",\"@id\":\"https:\\\/\\\/staging.boulangerieepifanny.com\\\/produit\\\/financier-chocolat-pacane\\\/#breadcrumb\",\"itemListElement\":[{\"@type\":\"ListItem\",\"position\":1,\"name\":\"Inicio\",\"item\":\"https:\\\/\\\/staging.boulangerieepifanny.com\\\/\"},{\"@type\":\"ListItem\",\"position\":2,\"name\":\"Produits\",\"item\":\"https:\\\/\\\/staging.boulangerieepifanny.com\\\/shop\\\/\"},{\"@type\":\"ListItem\",\"position\":3,\"name\":\"Financier chocolat-pacane\"}]},{\"@type\":\"WebSite\",\"@id\":\"https:\\\/\\\/staging.boulangerieepifanny.com\\\/#website\",\"url\":\"https:\\\/\\\/staging.boulangerieepifanny.com\\\/\",\"name\":\"Boulangerie Epi&#039;fanny\",\"description\":\"Boulangerie Viennoiseries P\u00e2tisserie  Sandwicherie Caf\u00e9\",\"publisher\":{\"@id\":\"https:\\\/\\\/staging.boulangerieepifanny.com\\\/#organization\"},\"potentialAction\":[{\"@type\":\"SearchAction\",\"target\":{\"@type\":\"EntryPoint\",\"urlTemplate\":\"https:\\\/\\\/staging.boulangerieepifanny.com\\\/?s={search_term_string}\"},\"query-input\":{\"@type\":\"PropertyValueSpecification\",\"valueRequired\":true,\"valueName\":\"search_term_string\"}}],\"inLanguage\":\"en-CA\"},{\"@type\":\"Organization\",\"@id\":\"https:\\\/\\\/staging.boulangerieepifanny.com\\\/#organization\",\"name\":\"Boulangerie Epi&#039;fanny\",\"url\":\"https:\\\/\\\/staging.boulangerieepifanny.com\\\/\",\"logo\":{\"@type\":\"ImageObject\",\"inLanguage\":\"en-CA\",\"@id\":\"https:\\\/\\\/staging.boulangerieepifanny.com\\\/#\\\/schema\\\/logo\\\/image\\\/\",\"url\":\"https:\\\/\\\/staging.boulangerieepifanny.com\\\/wp-content\\\/uploads\\\/2021\\\/08\\\/cropped-boulangerie-epifanny-mail.png\",\"contentUrl\":\"https:\\\/\\\/staging.boulangerieepifanny.com\\\/wp-content\\\/uploads\\\/2021\\\/08\\\/cropped-boulangerie-epifanny-mail.png\",\"width\":512,\"height\":512,\"caption\":\"Boulangerie Epi&#039;fanny\"},\"image\":{\"@id\":\"https:\\\/\\\/staging.boulangerieepifanny.com\\\/#\\\/schema\\\/logo\\\/image\\\/\"}}]}<\/script>\n<!-- \/ Yoast SEO plugin. -->","yoast_head_json":{"title":"Financier chocolat-pacane - Boulangerie Epi&#039;fanny","robots":{"index":"noindex","follow":"follow","max-snippet":"max-snippet:-1","max-image-preview":"max-image-preview:large","max-video-preview":"max-video-preview:-1"},"og_locale":"en_US","og_type":"article","og_title":"Financier chocolat-pacane - Boulangerie Epi&#039;fanny","og_description":"Biscuits chocolat, Croustillant pralin\u00e9, Ganache mont\u00e9e, Cr\u00e9meux chocolat.","og_url":"https:\/\/staging.boulangerieepifanny.com\/en\/product\/financier-chocolat-pacane\/","og_site_name":"Boulangerie Epi&#039;fanny","article_modified_time":"2026-03-19T00:05:53+00:00","og_image":[{"width":800,"height":800,"url":"https:\/\/staging.boulangerieepifanny.com\/wp-content\/uploads\/2025\/03\/financier_chocolat.jpg","type":"image\/jpeg"}],"twitter_card":"summary_large_image","twitter_misc":{"Est. reading time":"1 minute"},"schema":{"@context":"https:\/\/schema.org","@graph":[{"@type":"WebPage","@id":"https:\/\/staging.boulangerieepifanny.com\/produit\/financier-chocolat-pacane\/","url":"https:\/\/staging.boulangerieepifanny.com\/produit\/financier-chocolat-pacane\/","name":"Financier chocolat-pacane - Boulangerie Epi&#039;fanny","isPartOf":{"@id":"https:\/\/staging.boulangerieepifanny.com\/#website"},"primaryImageOfPage":{"@id":"https:\/\/staging.boulangerieepifanny.com\/produit\/financier-chocolat-pacane\/#primaryimage"},"image":{"@id":"https:\/\/staging.boulangerieepifanny.com\/produit\/financier-chocolat-pacane\/#primaryimage"},"thumbnailUrl":"https:\/\/staging.boulangerieepifanny.com\/wp-content\/uploads\/2025\/03\/financier_chocolat.jpg","datePublished":"2025-03-16T03:15:37+00:00","dateModified":"2026-03-19T00:05:53+00:00","breadcrumb":{"@id":"https:\/\/staging.boulangerieepifanny.com\/produit\/financier-chocolat-pacane\/#breadcrumb"},"inLanguage":"en-CA","potentialAction":[{"@type":"ReadAction","target":["https:\/\/staging.boulangerieepifanny.com\/produit\/financier-chocolat-pacane\/"]}]},{"@type":"ImageObject","inLanguage":"en-CA","@id":"https:\/\/staging.boulangerieepifanny.com\/produit\/financier-chocolat-pacane\/#primaryimage","url":"https:\/\/staging.boulangerieepifanny.com\/wp-content\/uploads\/2025\/03\/financier_chocolat.jpg","contentUrl":"https:\/\/staging.boulangerieepifanny.com\/wp-content\/uploads\/2025\/03\/financier_chocolat.jpg","width":800,"height":800,"caption":"financier_chocolat_boulangerie_epifanny"},{"@type":"BreadcrumbList","@id":"https:\/\/staging.boulangerieepifanny.com\/produit\/financier-chocolat-pacane\/#breadcrumb","itemListElement":[{"@type":"ListItem","position":1,"name":"Inicio","item":"https:\/\/staging.boulangerieepifanny.com\/"},{"@type":"ListItem","position":2,"name":"Produits","item":"https:\/\/staging.boulangerieepifanny.com\/shop\/"},{"@type":"ListItem","position":3,"name":"Financier chocolat-pacane"}]},{"@type":"WebSite","@id":"https:\/\/staging.boulangerieepifanny.com\/#website","url":"https:\/\/staging.boulangerieepifanny.com\/","name":"Epi&#039;fanny Bakery","description":"Bakery, Viennese Pastries, Pastry Shop, Sandwich Shop, Cafe","publisher":{"@id":"https:\/\/staging.boulangerieepifanny.com\/#organization"},"potentialAction":[{"@type":"SearchAction","target":{"@type":"EntryPoint","urlTemplate":"https:\/\/staging.boulangerieepifanny.com\/?s={search_term_string}"},"query-input":{"@type":"PropertyValueSpecification","valueRequired":true,"valueName":"search_term_string"}}],"inLanguage":"en-CA"},{"@type":"Organization","@id":"https:\/\/staging.boulangerieepifanny.com\/#organization","name":"Epi&#039;fanny Bakery","url":"https:\/\/staging.boulangerieepifanny.com\/","logo":{"@type":"ImageObject","inLanguage":"en-CA","@id":"https:\/\/staging.boulangerieepifanny.com\/#\/schema\/logo\/image\/","url":"https:\/\/staging.boulangerieepifanny.com\/wp-content\/uploads\/2021\/08\/cropped-boulangerie-epifanny-mail.png","contentUrl":"https:\/\/staging.boulangerieepifanny.com\/wp-content\/uploads\/2021\/08\/cropped-boulangerie-epifanny-mail.png","width":512,"height":512,"caption":"Boulangerie Epi&#039;fanny"},"image":{"@id":"https:\/\/staging.boulangerieepifanny.com\/#\/schema\/logo\/image\/"}}]}},"_links":{"self":[{"href":"https:\/\/staging.boulangerieepifanny.com\/en\/wp-json\/wp\/v2\/product\/4406","targetHints":{"allow":["GET"]}}],"collection":[{"href":"https:\/\/staging.boulangerieepifanny.com\/en\/wp-json\/wp\/v2\/product"}],"about":[{"href":"https:\/\/staging.boulangerieepifanny.com\/en\/wp-json\/wp\/v2\/types\/product"}],"wp:featuredmedia":[{"embeddable":true,"href":"https:\/\/staging.boulangerieepifanny.com\/en\/wp-json\/wp\/v2\/media\/4407"}],"wp:attachment":[{"href":"https:\/\/staging.boulangerieepifanny.com\/en\/wp-json\/wp\/v2\/media?parent=4406"}],"wp:term":[{"taxonomy":"product_brand","embeddable":true,"href":"https:\/\/staging.boulangerieepifanny.com\/en\/wp-json\/wp\/v2\/product_brand?post=4406"},{"taxonomy":"product_cat","embeddable":true,"href":"https:\/\/staging.boulangerieepifanny.com\/en\/wp-json\/wp\/v2\/product_cat?post=4406"},{"taxonomy":"product_tag","embeddable":true,"href":"https:\/\/staging.boulangerieepifanny.com\/en\/wp-json\/wp\/v2\/product_tag?post=4406"}],"curies":[{"name":"wp","href":"https:\/\/api.w.org\/{rel}","templated":true}]}}