{"id":194,"date":"2025-02-19T16:53:38","date_gmt":"2025-02-19T21:53:38","guid":{"rendered":"https:\/\/boulangerieepifanny.com\/?post_type=product&#038;p=194"},"modified":"2026-02-20T16:01:23","modified_gmt":"2026-02-20T21:01:23","slug":"miche-multigrain","status":"publish","type":"product","link":"https:\/\/staging.boulangerieepifanny.com\/en\/product\/miche-multigrain\/","title":{"rendered":"Multigrain Loaf"},"content":{"rendered":"<p>FARINE DE BL\u00c9 BIO SUR MEULE DE CHARLEVOIX. 100% Farine de bl\u00e9 bio sur meule, levain, levure, eau, sel. GRAINES DE LIN, CITROUILLES, PAVOT, S\u00c9SAME, MILLET ET TOURNESOL.<\/p>\n<p>Source de fibres et prot\u00e9ines, richesse en min\u00e9raux et bons gras, m\u00e9lange complet de graines.<\/p>\n<p>&nbsp;<\/p>\n<p>&nbsp;<\/p>","protected":false},"excerpt":{"rendered":"<p>FARINE DE BL\u00c9 BIO SUR MEULE DE CHARLEVOIX. 100% Farine de bl\u00e9 bio sur meule, levain, levure, eau, sel. GRAINES DE LIN, CITROUILLES, PAVOT, S\u00c9SAME, MILLET ET TOURNESOL.<\/p>\n<p>Source de fibres et prot\u00e9ines, richesse en min\u00e9raux et bons gras, m\u00e9lange complet de graines.<\/p>","protected":false},"featured_media":5709,"template":"","meta":{"inline_featured_image":false},"product_brand":[],"product_cat":[16],"product_tag":[17],"class_list":{"0":"post-194","1":"product","2":"type-product","3":"status-publish","4":"has-post-thumbnail","6":"product_cat-boulangerie","7":"product_tag-gluten","9":"first","10":"instock","11":"purchasable","12":"product-type-simple"},"yoast_head":"<!-- This site is optimized with the Yoast SEO plugin v27.3 - https:\/\/yoast.com\/product\/yoast-seo-wordpress\/ -->\n<title>Miche Multigrain - Boulangerie Epi&#039;fanny<\/title>\n<meta name=\"robots\" content=\"noindex, follow, max-snippet:-1, max-image-preview:large, max-video-preview:-1\" \/>\n<meta property=\"og:locale\" content=\"en_US\" \/>\n<meta property=\"og:type\" content=\"article\" \/>\n<meta property=\"og:title\" content=\"Miche Multigrain - Boulangerie Epi&#039;fanny\" \/>\n<meta property=\"og:description\" content=\"FARINE DE BL\u00c9 BIO SUR MEULE DE CHARLEVOIX. 100% Farine de bl\u00e9 bio sur meule, levain, levure, eau, sel. GRAINES DE LIN, CITROUILLES, PAVOT, S\u00c9SAME, MILLET ET TOURNESOL.  Source de fibres et prot\u00e9ines, richesse en min\u00e9raux et bons gras, m\u00e9lange complet de graines.\" \/>\n<meta property=\"og:url\" content=\"https:\/\/staging.boulangerieepifanny.com\/en\/product\/miche-multigrain\/\" \/>\n<meta property=\"og:site_name\" content=\"Boulangerie Epi&#039;fanny\" \/>\n<meta property=\"article:modified_time\" content=\"2026-02-20T21:01:23+00:00\" \/>\n<meta property=\"og:image\" content=\"https:\/\/staging.boulangerieepifanny.com\/wp-content\/uploads\/2025\/02\/miche_multigrain_boulangerie_epifanny-1.jpg\" \/>\n\t<meta property=\"og:image:width\" content=\"800\" \/>\n\t<meta property=\"og:image:height\" content=\"800\" \/>\n\t<meta property=\"og:image:type\" content=\"image\/jpeg\" \/>\n<meta name=\"twitter:card\" content=\"summary_large_image\" \/>\n<meta name=\"twitter:label1\" content=\"Est. reading time\" \/>\n\t<meta name=\"twitter:data1\" content=\"1 minute\" \/>\n<script type=\"application\/ld+json\" class=\"yoast-schema-graph\">{\"@context\":\"https:\\\/\\\/schema.org\",\"@graph\":[{\"@type\":\"WebPage\",\"@id\":\"https:\\\/\\\/staging.boulangerieepifanny.com\\\/produit\\\/miche-multigrain\\\/\",\"url\":\"https:\\\/\\\/staging.boulangerieepifanny.com\\\/produit\\\/miche-multigrain\\\/\",\"name\":\"Miche Multigrain - Boulangerie Epi&#039;fanny\",\"isPartOf\":{\"@id\":\"https:\\\/\\\/staging.boulangerieepifanny.com\\\/#website\"},\"primaryImageOfPage\":{\"@id\":\"https:\\\/\\\/staging.boulangerieepifanny.com\\\/produit\\\/miche-multigrain\\\/#primaryimage\"},\"image\":{\"@id\":\"https:\\\/\\\/staging.boulangerieepifanny.com\\\/produit\\\/miche-multigrain\\\/#primaryimage\"},\"thumbnailUrl\":\"https:\\\/\\\/staging.boulangerieepifanny.com\\\/wp-content\\\/uploads\\\/2025\\\/02\\\/miche_multigrain_boulangerie_epifanny-1.jpg\",\"datePublished\":\"2025-02-19T21:53:38+00:00\",\"dateModified\":\"2026-02-20T21:01:23+00:00\",\"breadcrumb\":{\"@id\":\"https:\\\/\\\/staging.boulangerieepifanny.com\\\/produit\\\/miche-multigrain\\\/#breadcrumb\"},\"inLanguage\":\"en-CA\",\"potentialAction\":[{\"@type\":\"ReadAction\",\"target\":[\"https:\\\/\\\/staging.boulangerieepifanny.com\\\/produit\\\/miche-multigrain\\\/\"]}]},{\"@type\":\"ImageObject\",\"inLanguage\":\"en-CA\",\"@id\":\"https:\\\/\\\/staging.boulangerieepifanny.com\\\/produit\\\/miche-multigrain\\\/#primaryimage\",\"url\":\"https:\\\/\\\/staging.boulangerieepifanny.com\\\/wp-content\\\/uploads\\\/2025\\\/02\\\/miche_multigrain_boulangerie_epifanny-1.jpg\",\"contentUrl\":\"https:\\\/\\\/staging.boulangerieepifanny.com\\\/wp-content\\\/uploads\\\/2025\\\/02\\\/miche_multigrain_boulangerie_epifanny-1.jpg\",\"width\":800,\"height\":800,\"caption\":\"miche_multigrain_boulangerie_epifanny\"},{\"@type\":\"BreadcrumbList\",\"@id\":\"https:\\\/\\\/staging.boulangerieepifanny.com\\\/produit\\\/miche-multigrain\\\/#breadcrumb\",\"itemListElement\":[{\"@type\":\"ListItem\",\"position\":1,\"name\":\"Inicio\",\"item\":\"https:\\\/\\\/staging.boulangerieepifanny.com\\\/\"},{\"@type\":\"ListItem\",\"position\":2,\"name\":\"Produits\",\"item\":\"https:\\\/\\\/staging.boulangerieepifanny.com\\\/shop\\\/\"},{\"@type\":\"ListItem\",\"position\":3,\"name\":\"Miche Multigrain\"}]},{\"@type\":\"WebSite\",\"@id\":\"https:\\\/\\\/staging.boulangerieepifanny.com\\\/#website\",\"url\":\"https:\\\/\\\/staging.boulangerieepifanny.com\\\/\",\"name\":\"Boulangerie Epi&#039;fanny\",\"description\":\"Boulangerie Viennoiseries P\u00e2tisserie  Sandwicherie Caf\u00e9\",\"publisher\":{\"@id\":\"https:\\\/\\\/staging.boulangerieepifanny.com\\\/#organization\"},\"potentialAction\":[{\"@type\":\"SearchAction\",\"target\":{\"@type\":\"EntryPoint\",\"urlTemplate\":\"https:\\\/\\\/staging.boulangerieepifanny.com\\\/?s={search_term_string}\"},\"query-input\":{\"@type\":\"PropertyValueSpecification\",\"valueRequired\":true,\"valueName\":\"search_term_string\"}}],\"inLanguage\":\"en-CA\"},{\"@type\":\"Organization\",\"@id\":\"https:\\\/\\\/staging.boulangerieepifanny.com\\\/#organization\",\"name\":\"Boulangerie Epi&#039;fanny\",\"url\":\"https:\\\/\\\/staging.boulangerieepifanny.com\\\/\",\"logo\":{\"@type\":\"ImageObject\",\"inLanguage\":\"en-CA\",\"@id\":\"https:\\\/\\\/staging.boulangerieepifanny.com\\\/#\\\/schema\\\/logo\\\/image\\\/\",\"url\":\"https:\\\/\\\/staging.boulangerieepifanny.com\\\/wp-content\\\/uploads\\\/2021\\\/08\\\/cropped-boulangerie-epifanny-mail.png\",\"contentUrl\":\"https:\\\/\\\/staging.boulangerieepifanny.com\\\/wp-content\\\/uploads\\\/2021\\\/08\\\/cropped-boulangerie-epifanny-mail.png\",\"width\":512,\"height\":512,\"caption\":\"Boulangerie Epi&#039;fanny\"},\"image\":{\"@id\":\"https:\\\/\\\/staging.boulangerieepifanny.com\\\/#\\\/schema\\\/logo\\\/image\\\/\"}}]}<\/script>\n<!-- \/ Yoast SEO plugin. -->","yoast_head_json":{"title":"Miche Multigrain - Boulangerie Epi&#039;fanny","robots":{"index":"noindex","follow":"follow","max-snippet":"max-snippet:-1","max-image-preview":"max-image-preview:large","max-video-preview":"max-video-preview:-1"},"og_locale":"en_US","og_type":"article","og_title":"Miche Multigrain - Boulangerie Epi&#039;fanny","og_description":"FARINE DE BL\u00c9 BIO SUR MEULE DE CHARLEVOIX. 100% Farine de bl\u00e9 bio sur meule, levain, levure, eau, sel. GRAINES DE LIN, CITROUILLES, PAVOT, S\u00c9SAME, MILLET ET TOURNESOL.  Source de fibres et prot\u00e9ines, richesse en min\u00e9raux et bons gras, m\u00e9lange complet de graines.","og_url":"https:\/\/staging.boulangerieepifanny.com\/en\/product\/miche-multigrain\/","og_site_name":"Boulangerie Epi&#039;fanny","article_modified_time":"2026-02-20T21:01:23+00:00","og_image":[{"width":800,"height":800,"url":"https:\/\/staging.boulangerieepifanny.com\/wp-content\/uploads\/2025\/02\/miche_multigrain_boulangerie_epifanny-1.jpg","type":"image\/jpeg"}],"twitter_card":"summary_large_image","twitter_misc":{"Est. reading time":"1 minute"},"schema":{"@context":"https:\/\/schema.org","@graph":[{"@type":"WebPage","@id":"https:\/\/staging.boulangerieepifanny.com\/produit\/miche-multigrain\/","url":"https:\/\/staging.boulangerieepifanny.com\/produit\/miche-multigrain\/","name":"Miche Multigrain - Boulangerie Epi&#039;fanny","isPartOf":{"@id":"https:\/\/staging.boulangerieepifanny.com\/#website"},"primaryImageOfPage":{"@id":"https:\/\/staging.boulangerieepifanny.com\/produit\/miche-multigrain\/#primaryimage"},"image":{"@id":"https:\/\/staging.boulangerieepifanny.com\/produit\/miche-multigrain\/#primaryimage"},"thumbnailUrl":"https:\/\/staging.boulangerieepifanny.com\/wp-content\/uploads\/2025\/02\/miche_multigrain_boulangerie_epifanny-1.jpg","datePublished":"2025-02-19T21:53:38+00:00","dateModified":"2026-02-20T21:01:23+00:00","breadcrumb":{"@id":"https:\/\/staging.boulangerieepifanny.com\/produit\/miche-multigrain\/#breadcrumb"},"inLanguage":"en-CA","potentialAction":[{"@type":"ReadAction","target":["https:\/\/staging.boulangerieepifanny.com\/produit\/miche-multigrain\/"]}]},{"@type":"ImageObject","inLanguage":"en-CA","@id":"https:\/\/staging.boulangerieepifanny.com\/produit\/miche-multigrain\/#primaryimage","url":"https:\/\/staging.boulangerieepifanny.com\/wp-content\/uploads\/2025\/02\/miche_multigrain_boulangerie_epifanny-1.jpg","contentUrl":"https:\/\/staging.boulangerieepifanny.com\/wp-content\/uploads\/2025\/02\/miche_multigrain_boulangerie_epifanny-1.jpg","width":800,"height":800,"caption":"miche_multigrain_boulangerie_epifanny"},{"@type":"BreadcrumbList","@id":"https:\/\/staging.boulangerieepifanny.com\/produit\/miche-multigrain\/#breadcrumb","itemListElement":[{"@type":"ListItem","position":1,"name":"Inicio","item":"https:\/\/staging.boulangerieepifanny.com\/"},{"@type":"ListItem","position":2,"name":"Produits","item":"https:\/\/staging.boulangerieepifanny.com\/shop\/"},{"@type":"ListItem","position":3,"name":"Miche Multigrain"}]},{"@type":"WebSite","@id":"https:\/\/staging.boulangerieepifanny.com\/#website","url":"https:\/\/staging.boulangerieepifanny.com\/","name":"Epi&#039;fanny Bakery","description":"Bakery, Viennese Pastries, Pastry Shop, Sandwich Shop, Cafe","publisher":{"@id":"https:\/\/staging.boulangerieepifanny.com\/#organization"},"potentialAction":[{"@type":"SearchAction","target":{"@type":"EntryPoint","urlTemplate":"https:\/\/staging.boulangerieepifanny.com\/?s={search_term_string}"},"query-input":{"@type":"PropertyValueSpecification","valueRequired":true,"valueName":"search_term_string"}}],"inLanguage":"en-CA"},{"@type":"Organization","@id":"https:\/\/staging.boulangerieepifanny.com\/#organization","name":"Epi&#039;fanny Bakery","url":"https:\/\/staging.boulangerieepifanny.com\/","logo":{"@type":"ImageObject","inLanguage":"en-CA","@id":"https:\/\/staging.boulangerieepifanny.com\/#\/schema\/logo\/image\/","url":"https:\/\/staging.boulangerieepifanny.com\/wp-content\/uploads\/2021\/08\/cropped-boulangerie-epifanny-mail.png","contentUrl":"https:\/\/staging.boulangerieepifanny.com\/wp-content\/uploads\/2021\/08\/cropped-boulangerie-epifanny-mail.png","width":512,"height":512,"caption":"Boulangerie Epi&#039;fanny"},"image":{"@id":"https:\/\/staging.boulangerieepifanny.com\/#\/schema\/logo\/image\/"}}]}},"_links":{"self":[{"href":"https:\/\/staging.boulangerieepifanny.com\/en\/wp-json\/wp\/v2\/product\/194","targetHints":{"allow":["GET"]}}],"collection":[{"href":"https:\/\/staging.boulangerieepifanny.com\/en\/wp-json\/wp\/v2\/product"}],"about":[{"href":"https:\/\/staging.boulangerieepifanny.com\/en\/wp-json\/wp\/v2\/types\/product"}],"wp:featuredmedia":[{"embeddable":true,"href":"https:\/\/staging.boulangerieepifanny.com\/en\/wp-json\/wp\/v2\/media\/5709"}],"wp:attachment":[{"href":"https:\/\/staging.boulangerieepifanny.com\/en\/wp-json\/wp\/v2\/media?parent=194"}],"wp:term":[{"taxonomy":"product_brand","embeddable":true,"href":"https:\/\/staging.boulangerieepifanny.com\/en\/wp-json\/wp\/v2\/product_brand?post=194"},{"taxonomy":"product_cat","embeddable":true,"href":"https:\/\/staging.boulangerieepifanny.com\/en\/wp-json\/wp\/v2\/product_cat?post=194"},{"taxonomy":"product_tag","embeddable":true,"href":"https:\/\/staging.boulangerieepifanny.com\/en\/wp-json\/wp\/v2\/product_tag?post=194"}],"curies":[{"name":"wp","href":"https:\/\/api.w.org\/{rel}","templated":true}]}}