{"id":162,"date":"2025-02-19T16:53:16","date_gmt":"2025-02-19T21:53:16","guid":{"rendered":"https:\/\/boulangerieepifanny.com\/?post_type=product&#038;p=162"},"modified":"2026-02-20T18:16:57","modified_gmt":"2026-02-20T23:16:57","slug":"pain-sarrasin","status":"publish","type":"product","link":"https:\/\/staging.boulangerieepifanny.com\/en\/product\/pain-sarrasin\/","title":{"rendered":"Buckwheat Bread"},"content":{"rendered":"<p>FARINE DE SARRASIN BIO SUR MEULE DE CHARLEVOIX<br \/>\n15% Farine de sarrasin bio, 85% Farine de bl\u00e9, levain, levure, eau, sel.<\/p>\n<p>Source de prot\u00e9ines v\u00e9g\u00e9tales, fibres, antioxydants (rutine), min\u00e9raux (magn\u00e9sium, fer, zinc).<\/p>\n<p>Buckwheat contains a large amount of magnesium and is a good source of vitamin B. This vitamin helps reduce feelings of stress and anxiety. It&#039;s also packed with other nutrients like calcium, zinc, and copper. Its unique, old-world flavor brings a subtle, yet very pleasant, nutty taste.<\/p>\n<p>&nbsp;<\/p>","protected":false},"excerpt":{"rendered":"<p>FARINE DE SARRASIN BIO SUR MEULE DE CHARLEVOIX<br \/>\n15% Farine de sarrasin bio, 85% Farine de bl\u00e9, levain, levure, eau, sel.<\/p>\n<p>Source de prot\u00e9ines v\u00e9g\u00e9tales, fibres, antioxydants (rutine), min\u00e9raux (magn\u00e9sium, fer, zinc).<\/p>\n<p>Buckwheat contains a large amount of magnesium and is a good source of vitamin B. This vitamin helps reduce feelings of stress and anxiety. It&#039;s also packed with other nutrients like calcium, zinc, and copper. Its unique, old-world flavor brings a subtle, yet very pleasant, nutty taste.<\/p>\n<p>&nbsp;<\/p>","protected":false},"featured_media":5712,"template":"","meta":{"inline_featured_image":false},"product_brand":[],"product_cat":[16],"product_tag":[17],"class_list":{"0":"post-162","1":"product","2":"type-product","3":"status-publish","4":"has-post-thumbnail","6":"product_cat-boulangerie","7":"product_tag-gluten","9":"first","10":"instock","11":"purchasable","12":"product-type-simple"},"yoast_head":"<!-- This site is optimized with the Yoast SEO plugin v27.3 - https:\/\/yoast.com\/product\/yoast-seo-wordpress\/ -->\n<title>Pain Sarrasin - Boulangerie Epi&#039;fanny<\/title>\n<meta name=\"robots\" content=\"noindex, follow, max-snippet:-1, max-image-preview:large, max-video-preview:-1\" \/>\n<meta property=\"og:locale\" content=\"en_US\" \/>\n<meta property=\"og:type\" content=\"article\" \/>\n<meta property=\"og:title\" content=\"Pain Sarrasin - Boulangerie Epi&#039;fanny\" \/>\n<meta property=\"og:description\" content=\"FARINE DE SARRASIN BIO SUR MEULE DE CHARLEVOIX 15% Farine de sarrasin bio, 85% Farine de bl\u00e9, levain, levure, eau, sel.  Source de prot\u00e9ines v\u00e9g\u00e9tales, fibres, antioxydants (rutine), min\u00e9raux (magn\u00e9sium, fer, zinc).  Le sarrasin contient une grande quantit\u00e9 de magn\u00e9sium et constitue une source int\u00e9ressante de vitamine B. L\u2019apport de cette vitamine permet notamment de r\u00e9duire les sensations de stress et l\u2019anxi\u00e9t\u00e9. Par ailleurs, il regorge d\u2019autres nutriments tels que le calcium, le zinc ou le cuivre. Sa saveur unique d\u2019antan apporte un go\u00fbt de noisette discret et tr\u00e8s agr\u00e9able.  &nbsp;\" \/>\n<meta property=\"og:url\" content=\"https:\/\/staging.boulangerieepifanny.com\/en\/product\/pain-sarrasin\/\" \/>\n<meta property=\"og:site_name\" content=\"Boulangerie Epi&#039;fanny\" \/>\n<meta property=\"article:modified_time\" content=\"2026-02-20T23:16:57+00:00\" \/>\n<meta property=\"og:image\" content=\"https:\/\/staging.boulangerieepifanny.com\/wp-content\/uploads\/2025\/02\/Pain-Sarrasin_boulangerie_epifanny.jpg\" \/>\n\t<meta property=\"og:image:width\" content=\"800\" \/>\n\t<meta property=\"og:image:height\" content=\"800\" \/>\n\t<meta property=\"og:image:type\" content=\"image\/jpeg\" \/>\n<meta name=\"twitter:card\" content=\"summary_large_image\" \/>\n<meta name=\"twitter:label1\" content=\"Est. reading time\" \/>\n\t<meta name=\"twitter:data1\" content=\"1 minute\" \/>\n<script type=\"application\/ld+json\" class=\"yoast-schema-graph\">{\"@context\":\"https:\\\/\\\/schema.org\",\"@graph\":[{\"@type\":\"WebPage\",\"@id\":\"https:\\\/\\\/staging.boulangerieepifanny.com\\\/produit\\\/pain-sarrasin\\\/\",\"url\":\"https:\\\/\\\/staging.boulangerieepifanny.com\\\/produit\\\/pain-sarrasin\\\/\",\"name\":\"Pain Sarrasin - Boulangerie Epi&#039;fanny\",\"isPartOf\":{\"@id\":\"https:\\\/\\\/staging.boulangerieepifanny.com\\\/#website\"},\"primaryImageOfPage\":{\"@id\":\"https:\\\/\\\/staging.boulangerieepifanny.com\\\/produit\\\/pain-sarrasin\\\/#primaryimage\"},\"image\":{\"@id\":\"https:\\\/\\\/staging.boulangerieepifanny.com\\\/produit\\\/pain-sarrasin\\\/#primaryimage\"},\"thumbnailUrl\":\"https:\\\/\\\/staging.boulangerieepifanny.com\\\/wp-content\\\/uploads\\\/2025\\\/02\\\/Pain-Sarrasin_boulangerie_epifanny.jpg\",\"datePublished\":\"2025-02-19T21:53:16+00:00\",\"dateModified\":\"2026-02-20T23:16:57+00:00\",\"breadcrumb\":{\"@id\":\"https:\\\/\\\/staging.boulangerieepifanny.com\\\/produit\\\/pain-sarrasin\\\/#breadcrumb\"},\"inLanguage\":\"en-CA\",\"potentialAction\":[{\"@type\":\"ReadAction\",\"target\":[\"https:\\\/\\\/staging.boulangerieepifanny.com\\\/produit\\\/pain-sarrasin\\\/\"]}]},{\"@type\":\"ImageObject\",\"inLanguage\":\"en-CA\",\"@id\":\"https:\\\/\\\/staging.boulangerieepifanny.com\\\/produit\\\/pain-sarrasin\\\/#primaryimage\",\"url\":\"https:\\\/\\\/staging.boulangerieepifanny.com\\\/wp-content\\\/uploads\\\/2025\\\/02\\\/Pain-Sarrasin_boulangerie_epifanny.jpg\",\"contentUrl\":\"https:\\\/\\\/staging.boulangerieepifanny.com\\\/wp-content\\\/uploads\\\/2025\\\/02\\\/Pain-Sarrasin_boulangerie_epifanny.jpg\",\"width\":800,\"height\":800,\"caption\":\"Pain_Sarrasin_boulangerie_epifanny\"},{\"@type\":\"BreadcrumbList\",\"@id\":\"https:\\\/\\\/staging.boulangerieepifanny.com\\\/produit\\\/pain-sarrasin\\\/#breadcrumb\",\"itemListElement\":[{\"@type\":\"ListItem\",\"position\":1,\"name\":\"Inicio\",\"item\":\"https:\\\/\\\/staging.boulangerieepifanny.com\\\/\"},{\"@type\":\"ListItem\",\"position\":2,\"name\":\"Produits\",\"item\":\"https:\\\/\\\/staging.boulangerieepifanny.com\\\/shop\\\/\"},{\"@type\":\"ListItem\",\"position\":3,\"name\":\"Pain Sarrasin\"}]},{\"@type\":\"WebSite\",\"@id\":\"https:\\\/\\\/staging.boulangerieepifanny.com\\\/#website\",\"url\":\"https:\\\/\\\/staging.boulangerieepifanny.com\\\/\",\"name\":\"Boulangerie Epi&#039;fanny\",\"description\":\"Boulangerie Viennoiseries P\u00e2tisserie  Sandwicherie Caf\u00e9\",\"publisher\":{\"@id\":\"https:\\\/\\\/staging.boulangerieepifanny.com\\\/#organization\"},\"potentialAction\":[{\"@type\":\"SearchAction\",\"target\":{\"@type\":\"EntryPoint\",\"urlTemplate\":\"https:\\\/\\\/staging.boulangerieepifanny.com\\\/?s={search_term_string}\"},\"query-input\":{\"@type\":\"PropertyValueSpecification\",\"valueRequired\":true,\"valueName\":\"search_term_string\"}}],\"inLanguage\":\"en-CA\"},{\"@type\":\"Organization\",\"@id\":\"https:\\\/\\\/staging.boulangerieepifanny.com\\\/#organization\",\"name\":\"Boulangerie Epi&#039;fanny\",\"url\":\"https:\\\/\\\/staging.boulangerieepifanny.com\\\/\",\"logo\":{\"@type\":\"ImageObject\",\"inLanguage\":\"en-CA\",\"@id\":\"https:\\\/\\\/staging.boulangerieepifanny.com\\\/#\\\/schema\\\/logo\\\/image\\\/\",\"url\":\"https:\\\/\\\/staging.boulangerieepifanny.com\\\/wp-content\\\/uploads\\\/2021\\\/08\\\/cropped-boulangerie-epifanny-mail.png\",\"contentUrl\":\"https:\\\/\\\/staging.boulangerieepifanny.com\\\/wp-content\\\/uploads\\\/2021\\\/08\\\/cropped-boulangerie-epifanny-mail.png\",\"width\":512,\"height\":512,\"caption\":\"Boulangerie Epi&#039;fanny\"},\"image\":{\"@id\":\"https:\\\/\\\/staging.boulangerieepifanny.com\\\/#\\\/schema\\\/logo\\\/image\\\/\"}}]}<\/script>\n<!-- \/ Yoast SEO plugin. -->","yoast_head_json":{"title":"Pain Sarrasin - Boulangerie Epi&#039;fanny","robots":{"index":"noindex","follow":"follow","max-snippet":"max-snippet:-1","max-image-preview":"max-image-preview:large","max-video-preview":"max-video-preview:-1"},"og_locale":"en_US","og_type":"article","og_title":"Pain Sarrasin - Boulangerie Epi&#039;fanny","og_description":"FARINE DE SARRASIN BIO SUR MEULE DE CHARLEVOIX 15% Farine de sarrasin bio, 85% Farine de bl\u00e9, levain, levure, eau, sel.  Source de prot\u00e9ines v\u00e9g\u00e9tales, fibres, antioxydants (rutine), min\u00e9raux (magn\u00e9sium, fer, zinc).  Le sarrasin contient une grande quantit\u00e9 de magn\u00e9sium et constitue une source int\u00e9ressante de vitamine B. L\u2019apport de cette vitamine permet notamment de r\u00e9duire les sensations de stress et l\u2019anxi\u00e9t\u00e9. Par ailleurs, il regorge d\u2019autres nutriments tels que le calcium, le zinc ou le cuivre. Sa saveur unique d\u2019antan apporte un go\u00fbt de noisette discret et tr\u00e8s agr\u00e9able.  &nbsp;","og_url":"https:\/\/staging.boulangerieepifanny.com\/en\/product\/pain-sarrasin\/","og_site_name":"Boulangerie Epi&#039;fanny","article_modified_time":"2026-02-20T23:16:57+00:00","og_image":[{"width":800,"height":800,"url":"https:\/\/staging.boulangerieepifanny.com\/wp-content\/uploads\/2025\/02\/Pain-Sarrasin_boulangerie_epifanny.jpg","type":"image\/jpeg"}],"twitter_card":"summary_large_image","twitter_misc":{"Est. reading time":"1 minute"},"schema":{"@context":"https:\/\/schema.org","@graph":[{"@type":"WebPage","@id":"https:\/\/staging.boulangerieepifanny.com\/produit\/pain-sarrasin\/","url":"https:\/\/staging.boulangerieepifanny.com\/produit\/pain-sarrasin\/","name":"Pain Sarrasin - Boulangerie Epi&#039;fanny","isPartOf":{"@id":"https:\/\/staging.boulangerieepifanny.com\/#website"},"primaryImageOfPage":{"@id":"https:\/\/staging.boulangerieepifanny.com\/produit\/pain-sarrasin\/#primaryimage"},"image":{"@id":"https:\/\/staging.boulangerieepifanny.com\/produit\/pain-sarrasin\/#primaryimage"},"thumbnailUrl":"https:\/\/staging.boulangerieepifanny.com\/wp-content\/uploads\/2025\/02\/Pain-Sarrasin_boulangerie_epifanny.jpg","datePublished":"2025-02-19T21:53:16+00:00","dateModified":"2026-02-20T23:16:57+00:00","breadcrumb":{"@id":"https:\/\/staging.boulangerieepifanny.com\/produit\/pain-sarrasin\/#breadcrumb"},"inLanguage":"en-CA","potentialAction":[{"@type":"ReadAction","target":["https:\/\/staging.boulangerieepifanny.com\/produit\/pain-sarrasin\/"]}]},{"@type":"ImageObject","inLanguage":"en-CA","@id":"https:\/\/staging.boulangerieepifanny.com\/produit\/pain-sarrasin\/#primaryimage","url":"https:\/\/staging.boulangerieepifanny.com\/wp-content\/uploads\/2025\/02\/Pain-Sarrasin_boulangerie_epifanny.jpg","contentUrl":"https:\/\/staging.boulangerieepifanny.com\/wp-content\/uploads\/2025\/02\/Pain-Sarrasin_boulangerie_epifanny.jpg","width":800,"height":800,"caption":"Pain_Sarrasin_boulangerie_epifanny"},{"@type":"BreadcrumbList","@id":"https:\/\/staging.boulangerieepifanny.com\/produit\/pain-sarrasin\/#breadcrumb","itemListElement":[{"@type":"ListItem","position":1,"name":"Inicio","item":"https:\/\/staging.boulangerieepifanny.com\/"},{"@type":"ListItem","position":2,"name":"Produits","item":"https:\/\/staging.boulangerieepifanny.com\/shop\/"},{"@type":"ListItem","position":3,"name":"Pain Sarrasin"}]},{"@type":"WebSite","@id":"https:\/\/staging.boulangerieepifanny.com\/#website","url":"https:\/\/staging.boulangerieepifanny.com\/","name":"Epi&#039;fanny Bakery","description":"Bakery, Viennese Pastries, Pastry Shop, Sandwich Shop, Cafe","publisher":{"@id":"https:\/\/staging.boulangerieepifanny.com\/#organization"},"potentialAction":[{"@type":"SearchAction","target":{"@type":"EntryPoint","urlTemplate":"https:\/\/staging.boulangerieepifanny.com\/?s={search_term_string}"},"query-input":{"@type":"PropertyValueSpecification","valueRequired":true,"valueName":"search_term_string"}}],"inLanguage":"en-CA"},{"@type":"Organization","@id":"https:\/\/staging.boulangerieepifanny.com\/#organization","name":"Epi&#039;fanny Bakery","url":"https:\/\/staging.boulangerieepifanny.com\/","logo":{"@type":"ImageObject","inLanguage":"en-CA","@id":"https:\/\/staging.boulangerieepifanny.com\/#\/schema\/logo\/image\/","url":"https:\/\/staging.boulangerieepifanny.com\/wp-content\/uploads\/2021\/08\/cropped-boulangerie-epifanny-mail.png","contentUrl":"https:\/\/staging.boulangerieepifanny.com\/wp-content\/uploads\/2021\/08\/cropped-boulangerie-epifanny-mail.png","width":512,"height":512,"caption":"Boulangerie Epi&#039;fanny"},"image":{"@id":"https:\/\/staging.boulangerieepifanny.com\/#\/schema\/logo\/image\/"}}]}},"_links":{"self":[{"href":"https:\/\/staging.boulangerieepifanny.com\/en\/wp-json\/wp\/v2\/product\/162","targetHints":{"allow":["GET"]}}],"collection":[{"href":"https:\/\/staging.boulangerieepifanny.com\/en\/wp-json\/wp\/v2\/product"}],"about":[{"href":"https:\/\/staging.boulangerieepifanny.com\/en\/wp-json\/wp\/v2\/types\/product"}],"wp:featuredmedia":[{"embeddable":true,"href":"https:\/\/staging.boulangerieepifanny.com\/en\/wp-json\/wp\/v2\/media\/5712"}],"wp:attachment":[{"href":"https:\/\/staging.boulangerieepifanny.com\/en\/wp-json\/wp\/v2\/media?parent=162"}],"wp:term":[{"taxonomy":"product_brand","embeddable":true,"href":"https:\/\/staging.boulangerieepifanny.com\/en\/wp-json\/wp\/v2\/product_brand?post=162"},{"taxonomy":"product_cat","embeddable":true,"href":"https:\/\/staging.boulangerieepifanny.com\/en\/wp-json\/wp\/v2\/product_cat?post=162"},{"taxonomy":"product_tag","embeddable":true,"href":"https:\/\/staging.boulangerieepifanny.com\/en\/wp-json\/wp\/v2\/product_tag?post=162"}],"curies":[{"name":"wp","href":"https:\/\/api.w.org\/{rel}","templated":true}]}}