{"id":136,"date":"2025-02-19T16:52:54","date_gmt":"2025-02-19T21:52:54","guid":{"rendered":"https:\/\/boulangerieepifanny.com\/?post_type=product&#038;p=136"},"modified":"2026-02-25T08:18:19","modified_gmt":"2026-02-25T13:18:19","slug":"sandwich-dejeuner","status":"publish","type":"product","link":"https:\/\/staging.boulangerieepifanny.com\/en\/product\/sandwich-dejeuner\/","title":{"rendered":"Breakfast sandwich"},"content":{"rendered":"<p>Pain \u00e0 burger hamburger, mayo, laitue, gallete d&#8217;\u0153ufs, fromage suisse, tomates, bacon.<\/p>","protected":false},"excerpt":{"rendered":"<p>Pain \u00e0 burger hamburger, mayo, laitue, gallete d&#8217;\u0153ufs, fromage suisse, tomates, bacon.<\/p>","protected":false},"featured_media":4298,"template":"","meta":{"inline_featured_image":false},"product_brand":[],"product_cat":[22],"product_tag":[24,19,21],"class_list":{"0":"post-136","1":"product","2":"type-product","3":"status-publish","4":"has-post-thumbnail","6":"product_cat-sandwichs","7":"product_tag-cochon","8":"product_tag-lait","9":"product_tag-oeufs","11":"first","12":"instock","13":"taxable","14":"shipping-taxable","15":"purchasable","16":"product-type-simple"},"yoast_head":"<!-- This site is optimized with the Yoast SEO plugin v27.3 - https:\/\/yoast.com\/product\/yoast-seo-wordpress\/ -->\n<title>Sandwich d\u00e9jeuner - Boulangerie Epi&#039;fanny<\/title>\n<meta name=\"robots\" content=\"noindex, follow, max-snippet:-1, max-image-preview:large, max-video-preview:-1\" \/>\n<meta property=\"og:locale\" content=\"en_US\" \/>\n<meta property=\"og:type\" content=\"article\" \/>\n<meta property=\"og:title\" content=\"Sandwich d\u00e9jeuner - Boulangerie Epi&#039;fanny\" \/>\n<meta property=\"og:description\" content=\"Pain \u00e0 burger hamburger, mayo, laitue, gallete d&#039;\u0153ufs, fromage suisse, tomates, bacon.\" \/>\n<meta property=\"og:url\" content=\"https:\/\/staging.boulangerieepifanny.com\/en\/product\/sandwich-dejeuner\/\" \/>\n<meta property=\"og:site_name\" content=\"Boulangerie Epi&#039;fanny\" \/>\n<meta property=\"article:modified_time\" content=\"2026-02-25T13:18:19+00:00\" \/>\n<meta property=\"og:image\" content=\"https:\/\/staging.boulangerieepifanny.com\/wp-content\/uploads\/2025\/02\/sandwich_dejauner.jpg\" \/>\n\t<meta property=\"og:image:width\" content=\"800\" \/>\n\t<meta property=\"og:image:height\" content=\"800\" \/>\n\t<meta property=\"og:image:type\" content=\"image\/jpeg\" \/>\n<meta name=\"twitter:card\" content=\"summary_large_image\" \/>\n<meta name=\"twitter:label1\" content=\"Est. reading time\" \/>\n\t<meta name=\"twitter:data1\" content=\"1 minute\" \/>\n<script type=\"application\/ld+json\" class=\"yoast-schema-graph\">{\"@context\":\"https:\\\/\\\/schema.org\",\"@graph\":[{\"@type\":\"WebPage\",\"@id\":\"https:\\\/\\\/staging.boulangerieepifanny.com\\\/produit\\\/sandwich-dejeuner\\\/\",\"url\":\"https:\\\/\\\/staging.boulangerieepifanny.com\\\/produit\\\/sandwich-dejeuner\\\/\",\"name\":\"Sandwich d\u00e9jeuner - Boulangerie Epi&#039;fanny\",\"isPartOf\":{\"@id\":\"https:\\\/\\\/staging.boulangerieepifanny.com\\\/#website\"},\"primaryImageOfPage\":{\"@id\":\"https:\\\/\\\/staging.boulangerieepifanny.com\\\/produit\\\/sandwich-dejeuner\\\/#primaryimage\"},\"image\":{\"@id\":\"https:\\\/\\\/staging.boulangerieepifanny.com\\\/produit\\\/sandwich-dejeuner\\\/#primaryimage\"},\"thumbnailUrl\":\"https:\\\/\\\/staging.boulangerieepifanny.com\\\/wp-content\\\/uploads\\\/2025\\\/02\\\/sandwich_dejauner.jpg\",\"datePublished\":\"2025-02-19T21:52:54+00:00\",\"dateModified\":\"2026-02-25T13:18:19+00:00\",\"breadcrumb\":{\"@id\":\"https:\\\/\\\/staging.boulangerieepifanny.com\\\/produit\\\/sandwich-dejeuner\\\/#breadcrumb\"},\"inLanguage\":\"en-CA\",\"potentialAction\":[{\"@type\":\"ReadAction\",\"target\":[\"https:\\\/\\\/staging.boulangerieepifanny.com\\\/produit\\\/sandwich-dejeuner\\\/\"]}]},{\"@type\":\"ImageObject\",\"inLanguage\":\"en-CA\",\"@id\":\"https:\\\/\\\/staging.boulangerieepifanny.com\\\/produit\\\/sandwich-dejeuner\\\/#primaryimage\",\"url\":\"https:\\\/\\\/staging.boulangerieepifanny.com\\\/wp-content\\\/uploads\\\/2025\\\/02\\\/sandwich_dejauner.jpg\",\"contentUrl\":\"https:\\\/\\\/staging.boulangerieepifanny.com\\\/wp-content\\\/uploads\\\/2025\\\/02\\\/sandwich_dejauner.jpg\",\"width\":800,\"height\":800},{\"@type\":\"BreadcrumbList\",\"@id\":\"https:\\\/\\\/staging.boulangerieepifanny.com\\\/produit\\\/sandwich-dejeuner\\\/#breadcrumb\",\"itemListElement\":[{\"@type\":\"ListItem\",\"position\":1,\"name\":\"Inicio\",\"item\":\"https:\\\/\\\/staging.boulangerieepifanny.com\\\/\"},{\"@type\":\"ListItem\",\"position\":2,\"name\":\"Produits\",\"item\":\"https:\\\/\\\/staging.boulangerieepifanny.com\\\/shop\\\/\"},{\"@type\":\"ListItem\",\"position\":3,\"name\":\"Sandwich d\u00e9jeuner\"}]},{\"@type\":\"WebSite\",\"@id\":\"https:\\\/\\\/staging.boulangerieepifanny.com\\\/#website\",\"url\":\"https:\\\/\\\/staging.boulangerieepifanny.com\\\/\",\"name\":\"Boulangerie Epi&#039;fanny\",\"description\":\"Boulangerie Viennoiseries P\u00e2tisserie  Sandwicherie Caf\u00e9\",\"publisher\":{\"@id\":\"https:\\\/\\\/staging.boulangerieepifanny.com\\\/#organization\"},\"potentialAction\":[{\"@type\":\"SearchAction\",\"target\":{\"@type\":\"EntryPoint\",\"urlTemplate\":\"https:\\\/\\\/staging.boulangerieepifanny.com\\\/?s={search_term_string}\"},\"query-input\":{\"@type\":\"PropertyValueSpecification\",\"valueRequired\":true,\"valueName\":\"search_term_string\"}}],\"inLanguage\":\"en-CA\"},{\"@type\":\"Organization\",\"@id\":\"https:\\\/\\\/staging.boulangerieepifanny.com\\\/#organization\",\"name\":\"Boulangerie Epi&#039;fanny\",\"url\":\"https:\\\/\\\/staging.boulangerieepifanny.com\\\/\",\"logo\":{\"@type\":\"ImageObject\",\"inLanguage\":\"en-CA\",\"@id\":\"https:\\\/\\\/staging.boulangerieepifanny.com\\\/#\\\/schema\\\/logo\\\/image\\\/\",\"url\":\"https:\\\/\\\/staging.boulangerieepifanny.com\\\/wp-content\\\/uploads\\\/2021\\\/08\\\/cropped-boulangerie-epifanny-mail.png\",\"contentUrl\":\"https:\\\/\\\/staging.boulangerieepifanny.com\\\/wp-content\\\/uploads\\\/2021\\\/08\\\/cropped-boulangerie-epifanny-mail.png\",\"width\":512,\"height\":512,\"caption\":\"Boulangerie Epi&#039;fanny\"},\"image\":{\"@id\":\"https:\\\/\\\/staging.boulangerieepifanny.com\\\/#\\\/schema\\\/logo\\\/image\\\/\"}}]}<\/script>\n<!-- \/ Yoast SEO plugin. -->","yoast_head_json":{"title":"Sandwich d\u00e9jeuner - Boulangerie Epi&#039;fanny","robots":{"index":"noindex","follow":"follow","max-snippet":"max-snippet:-1","max-image-preview":"max-image-preview:large","max-video-preview":"max-video-preview:-1"},"og_locale":"en_US","og_type":"article","og_title":"Sandwich d\u00e9jeuner - Boulangerie Epi&#039;fanny","og_description":"Pain \u00e0 burger hamburger, mayo, laitue, gallete d'\u0153ufs, fromage suisse, tomates, bacon.","og_url":"https:\/\/staging.boulangerieepifanny.com\/en\/product\/sandwich-dejeuner\/","og_site_name":"Boulangerie Epi&#039;fanny","article_modified_time":"2026-02-25T13:18:19+00:00","og_image":[{"width":800,"height":800,"url":"https:\/\/staging.boulangerieepifanny.com\/wp-content\/uploads\/2025\/02\/sandwich_dejauner.jpg","type":"image\/jpeg"}],"twitter_card":"summary_large_image","twitter_misc":{"Est. reading time":"1 minute"},"schema":{"@context":"https:\/\/schema.org","@graph":[{"@type":"WebPage","@id":"https:\/\/staging.boulangerieepifanny.com\/produit\/sandwich-dejeuner\/","url":"https:\/\/staging.boulangerieepifanny.com\/produit\/sandwich-dejeuner\/","name":"Sandwich d\u00e9jeuner - Boulangerie Epi&#039;fanny","isPartOf":{"@id":"https:\/\/staging.boulangerieepifanny.com\/#website"},"primaryImageOfPage":{"@id":"https:\/\/staging.boulangerieepifanny.com\/produit\/sandwich-dejeuner\/#primaryimage"},"image":{"@id":"https:\/\/staging.boulangerieepifanny.com\/produit\/sandwich-dejeuner\/#primaryimage"},"thumbnailUrl":"https:\/\/staging.boulangerieepifanny.com\/wp-content\/uploads\/2025\/02\/sandwich_dejauner.jpg","datePublished":"2025-02-19T21:52:54+00:00","dateModified":"2026-02-25T13:18:19+00:00","breadcrumb":{"@id":"https:\/\/staging.boulangerieepifanny.com\/produit\/sandwich-dejeuner\/#breadcrumb"},"inLanguage":"en-CA","potentialAction":[{"@type":"ReadAction","target":["https:\/\/staging.boulangerieepifanny.com\/produit\/sandwich-dejeuner\/"]}]},{"@type":"ImageObject","inLanguage":"en-CA","@id":"https:\/\/staging.boulangerieepifanny.com\/produit\/sandwich-dejeuner\/#primaryimage","url":"https:\/\/staging.boulangerieepifanny.com\/wp-content\/uploads\/2025\/02\/sandwich_dejauner.jpg","contentUrl":"https:\/\/staging.boulangerieepifanny.com\/wp-content\/uploads\/2025\/02\/sandwich_dejauner.jpg","width":800,"height":800},{"@type":"BreadcrumbList","@id":"https:\/\/staging.boulangerieepifanny.com\/produit\/sandwich-dejeuner\/#breadcrumb","itemListElement":[{"@type":"ListItem","position":1,"name":"Inicio","item":"https:\/\/staging.boulangerieepifanny.com\/"},{"@type":"ListItem","position":2,"name":"Produits","item":"https:\/\/staging.boulangerieepifanny.com\/shop\/"},{"@type":"ListItem","position":3,"name":"Sandwich d\u00e9jeuner"}]},{"@type":"WebSite","@id":"https:\/\/staging.boulangerieepifanny.com\/#website","url":"https:\/\/staging.boulangerieepifanny.com\/","name":"Epi&#039;fanny Bakery","description":"Bakery, Viennese Pastries, Pastry Shop, Sandwich Shop, Cafe","publisher":{"@id":"https:\/\/staging.boulangerieepifanny.com\/#organization"},"potentialAction":[{"@type":"SearchAction","target":{"@type":"EntryPoint","urlTemplate":"https:\/\/staging.boulangerieepifanny.com\/?s={search_term_string}"},"query-input":{"@type":"PropertyValueSpecification","valueRequired":true,"valueName":"search_term_string"}}],"inLanguage":"en-CA"},{"@type":"Organization","@id":"https:\/\/staging.boulangerieepifanny.com\/#organization","name":"Epi&#039;fanny Bakery","url":"https:\/\/staging.boulangerieepifanny.com\/","logo":{"@type":"ImageObject","inLanguage":"en-CA","@id":"https:\/\/staging.boulangerieepifanny.com\/#\/schema\/logo\/image\/","url":"https:\/\/staging.boulangerieepifanny.com\/wp-content\/uploads\/2021\/08\/cropped-boulangerie-epifanny-mail.png","contentUrl":"https:\/\/staging.boulangerieepifanny.com\/wp-content\/uploads\/2021\/08\/cropped-boulangerie-epifanny-mail.png","width":512,"height":512,"caption":"Boulangerie Epi&#039;fanny"},"image":{"@id":"https:\/\/staging.boulangerieepifanny.com\/#\/schema\/logo\/image\/"}}]}},"_links":{"self":[{"href":"https:\/\/staging.boulangerieepifanny.com\/en\/wp-json\/wp\/v2\/product\/136","targetHints":{"allow":["GET"]}}],"collection":[{"href":"https:\/\/staging.boulangerieepifanny.com\/en\/wp-json\/wp\/v2\/product"}],"about":[{"href":"https:\/\/staging.boulangerieepifanny.com\/en\/wp-json\/wp\/v2\/types\/product"}],"wp:featuredmedia":[{"embeddable":true,"href":"https:\/\/staging.boulangerieepifanny.com\/en\/wp-json\/wp\/v2\/media\/4298"}],"wp:attachment":[{"href":"https:\/\/staging.boulangerieepifanny.com\/en\/wp-json\/wp\/v2\/media?parent=136"}],"wp:term":[{"taxonomy":"product_brand","embeddable":true,"href":"https:\/\/staging.boulangerieepifanny.com\/en\/wp-json\/wp\/v2\/product_brand?post=136"},{"taxonomy":"product_cat","embeddable":true,"href":"https:\/\/staging.boulangerieepifanny.com\/en\/wp-json\/wp\/v2\/product_cat?post=136"},{"taxonomy":"product_tag","embeddable":true,"href":"https:\/\/staging.boulangerieepifanny.com\/en\/wp-json\/wp\/v2\/product_tag?post=136"}],"curies":[{"name":"wp","href":"https:\/\/api.w.org\/{rel}","templated":true}]}}