{"id":3333,"date":"2025-02-19T17:17:19","date_gmt":"2025-02-19T22:17:19","guid":{"rendered":"https:\/\/boulangerieepifanny.com\/toogoodtogo\/"},"modified":"2025-02-19T17:18:00","modified_gmt":"2025-02-19T22:18:00","slug":"toogoodtogo","status":"publish","type":"page","link":"https:\/\/staging.boulangerieepifanny.com\/en\/toogoodtogo\/","title":{"rendered":"TooGoodTogo"},"content":{"rendered":"<div data-elementor-type=\"wp-page\" data-elementor-id=\"3333\" class=\"elementor elementor-3333\" data-elementor-post-type=\"page\">\n\t\t\t\t<div class=\"elementor-element elementor-element-68fa1724 e-con-full e-flex e-con e-parent\" data-id=\"68fa1724\" data-element_type=\"container\" data-e-type=\"container\" data-settings=\"{&quot;background_background&quot;:&quot;classic&quot;}\">\n\t\t\t\t<div class=\"elementor-element elementor-element-7e9afc04 elementor-widget elementor-widget-heading\" data-id=\"7e9afc04\" data-element_type=\"widget\" data-e-type=\"widget\" data-widget_type=\"heading.default\">\n\t\t\t\t\t<h2 class=\"elementor-heading-title elementor-size-default\">The Too Good To Go anti-waste app<\/h2>\t\t\t\t<\/div>\n\t\t\t\t<\/div>\n\t\t<div class=\"elementor-element elementor-element-44befd23 e-flex e-con-boxed e-con e-parent\" data-id=\"44befd23\" data-element_type=\"container\" data-e-type=\"container\">\n\t\t\t\t\t<div class=\"e-con-inner\">\n\t\t<div class=\"elementor-element elementor-element-72c9061b e-con-full e-flex e-con e-child\" data-id=\"72c9061b\" data-element_type=\"container\" data-e-type=\"container\">\n\t\t\t\t<div class=\"elementor-element elementor-element-77e31324 elementor-widget elementor-widget-text-editor\" data-id=\"77e31324\" data-element_type=\"widget\" data-e-type=\"widget\" data-widget_type=\"text-editor.default\">\n\t\t\t\t\t\t\t\t\t<h3 class=\"wp-block-heading\">Fight against waste and pollution with Too Good To Go<\/h3>\n<p><!-- \/wp:heading --><!-- wp:paragraph --><\/p>\n<p>In a world where food and resource waste has become a global concern, it is crucial to take steps to reduce our environmental footprint. Every year, millions of tons of food are thrown away, contributing to pollution and climate change. In this context, the Too Good To Go app presents itself as an innovative and powerful tool to combat this problem.<\/p>\n<p><!-- \/wp:paragraph --><!-- wp:heading {\"level\":3} --><\/p>\n<h3 class=\"wp-block-heading\">Understanding food waste<\/h3>\n<p><!-- \/wp:heading --><!-- wp:paragraph --><\/p>\n<p>Food waste not only involves discarded food, but also all the energy and resources required for its production, transportation, and storage. This waste has a significant environmental impact, leading to greenhouse gas emissions and soil and water pollution.<\/p>\t\t\t\t\t\t\t\t<\/div>\n\t\t\t\t<\/div>\n\t\t<div class=\"elementor-element elementor-element-51908567 e-con-full e-flex e-con e-child\" data-id=\"51908567\" data-element_type=\"container\" data-e-type=\"container\" data-settings=\"{&quot;background_background&quot;:&quot;classic&quot;}\">\n\t\t\t\t<\/div>\n\t\t<div class=\"elementor-element elementor-element-2ddabaa4 e-con-full e-flex e-con e-child\" data-id=\"2ddabaa4\" data-element_type=\"container\" data-e-type=\"container\" data-settings=\"{&quot;background_background&quot;:&quot;classic&quot;}\">\n\t\t\t\t<\/div>\n\t\t<div class=\"elementor-element elementor-element-59a6e000 e-con-full e-flex e-con e-child\" data-id=\"59a6e000\" data-element_type=\"container\" data-e-type=\"container\">\n\t\t\t\t<div class=\"elementor-element elementor-element-1c103c2 elementor-widget elementor-widget-text-editor\" data-id=\"1c103c2\" data-element_type=\"widget\" data-e-type=\"widget\" data-widget_type=\"text-editor.default\">\n\t\t\t\t\t\t\t\t\t<h3 class=\"wp-block-heading\">What is Too Good To Go?<\/h3>\n<p><!-- \/wp:heading --><!-- wp:paragraph --><\/p>\n<p>Too Good To Go is an app designed to help reduce food waste by connecting consumers with restaurants, cafes, and stores that have surplus food. Through the app, users can purchase &quot;surprise boxes&quot; containing food that would otherwise have gone to waste, at very affordable prices.<br \/><br \/><\/p>\n<p><!-- \/wp:paragraph --><!-- wp:heading {\"level\":3} --><\/p>\n<h3 class=\"wp-block-heading\">Benefits of Using Too Good To Go<\/h3>\n<p><!-- \/wp:heading --><!-- wp:list --><\/p>\n<ul class=\"wp-block-list\"><!-- wp:list-item -->\n<li><strong>Waste reduction<\/strong> : by purchasing food that is close to its expiry date, you are directly contributing to reducing the volume of waste.<\/li>\n<!-- \/wp:list-item --><\/ul>\n<p><!-- \/wp:list --><!-- wp:list --><\/p>\n<ul class=\"wp-block-list\"><!-- wp:list-item -->\n<li><strong>Savings<\/strong> : Users get discounted meals, allowing them to enjoy more dining options without spending too much.<\/li>\n<!-- \/wp:list-item --><\/ul>\n<p><!-- \/wp:list --><!-- wp:list --><\/p>\n<ul class=\"wp-block-list\"><!-- wp:list-item -->\n<li><strong>Environmental awareness<\/strong> : By using the app, you join a growing community that values sustainability and is committed to caring for the planet.<\/li>\n<!-- \/wp:list-item --><\/ul>\n<p><!-- \/wp:list --><!-- wp:heading {\"level\":3} --><\/p>\n<p><!-- \/wp:paragraph --><!-- wp:paragraph --><\/p>\n<p>\u00a0<\/p>\t\t\t\t\t\t\t\t<\/div>\n\t\t\t\t<\/div>\n\t\t\t\t\t<\/div>\n\t\t\t\t<\/div>\n\t\t<div class=\"elementor-element elementor-element-6239b6a0 e-flex e-con-boxed e-con e-parent\" data-id=\"6239b6a0\" data-element_type=\"container\" data-e-type=\"container\">\n\t\t\t\t\t<div class=\"e-con-inner\">\n\t\t\t\t<div class=\"elementor-element elementor-element-6cbb4be7 elementor-widget elementor-widget-text-editor\" data-id=\"6cbb4be7\" data-element_type=\"widget\" data-e-type=\"widget\" data-widget_type=\"text-editor.default\">\n\t\t\t\t\t\t\t\t\t<h3 class=\"wp-block-heading\">How you contribute to a sustainable future<\/h3>\n<p><!-- \/wp:heading --><!-- wp:paragraph --><\/p>\n<p>Every time you choose to use Too Good To Go, you&#039;re not only enjoying delicious food, but also taking an active step to reduce pollution and waste. This app is a great way to encourage responsible consumption habits and raise awareness about the importance of valuing our resources.<br \/>Take part in the fight against waste<\/p>\n<p><!-- \/wp:paragraph --><!-- wp:paragraph --><\/p>\n<p>We invite you to download the application <strong>Too Good To Go<\/strong> and to participate in this initiative for a world with less waste and more opportunities. Every action counts, and together, we can make a significant difference in the fight against food waste and protecting our environment.<\/p>\t\t\t\t\t\t\t\t<\/div>\n\t\t\t\t\t<\/div>\n\t\t\t\t<\/div>\n\t\t\t\t<\/div>","protected":false},"excerpt":{"rendered":"<p>L&#8217;application anti-gaspillage Too Good To Go Lutter contre le gaspillage et la pollution avec Too Good To Go Dans un monde o\u00f9 le gaspillage de nourriture et de ressources est devenu une pr\u00e9occupation globale, il est crucial de prendre des mesures pour r\u00e9duire notre empreinte environnementale. Chaque ann\u00e9e, des millions de tonnes de nourriture sont [&hellip;]<\/p>\n","protected":false},"author":3,"featured_media":0,"parent":0,"menu_order":25,"comment_status":"closed","ping_status":"closed","template":"","meta":{"inline_featured_image":false,"footnotes":""},"class_list":["post-3333","page","type-page","status-publish","hentry"],"yoast_head":"<!-- This site is optimized with the Yoast SEO plugin v27.3 - https:\/\/yoast.com\/product\/yoast-seo-wordpress\/ -->\n<title>TooGoodTogo - Boulangerie Epi&#039;fanny<\/title>\n<meta name=\"robots\" content=\"noindex, follow, max-snippet:-1, max-image-preview:large, max-video-preview:-1\" \/>\n<meta property=\"og:locale\" content=\"en_US\" \/>\n<meta property=\"og:type\" content=\"article\" \/>\n<meta property=\"og:title\" content=\"TooGoodTogo - Boulangerie Epi&#039;fanny\" \/>\n<meta property=\"og:description\" content=\"L&#8217;application anti-gaspillage Too Good To Go Lutter contre le gaspillage et la pollution avec Too Good To Go Dans un monde o\u00f9 le gaspillage de nourriture et de ressources est devenu une pr\u00e9occupation globale, il est crucial de prendre des mesures pour r\u00e9duire notre empreinte environnementale. Chaque ann\u00e9e, des millions de tonnes de nourriture sont [&hellip;]\" \/>\n<meta property=\"og:url\" content=\"https:\/\/staging.boulangerieepifanny.com\/en\/en_ca\/toogoodtogo\/\" \/>\n<meta property=\"og:site_name\" content=\"Boulangerie Epi&#039;fanny\" \/>\n<meta property=\"article:modified_time\" content=\"2025-02-19T22:18:00+00:00\" \/>\n<meta name=\"twitter:card\" content=\"summary_large_image\" \/>\n<meta name=\"twitter:label1\" content=\"Est. reading time\" \/>\n\t<meta name=\"twitter:data1\" content=\"2 minutes\" \/>\n<script type=\"application\/ld+json\" class=\"yoast-schema-graph\">{\"@context\":\"https:\\\/\\\/schema.org\",\"@graph\":[{\"@type\":\"WebPage\",\"@id\":\"https:\\\/\\\/staging.boulangerieepifanny.com\\\/en_ca\\\/toogoodtogo\\\/\",\"url\":\"https:\\\/\\\/staging.boulangerieepifanny.com\\\/en_ca\\\/toogoodtogo\\\/\",\"name\":\"TooGoodTogo - Boulangerie Epi&#039;fanny\",\"isPartOf\":{\"@id\":\"https:\\\/\\\/staging.boulangerieepifanny.com\\\/#website\"},\"datePublished\":\"2025-02-19T22:17:19+00:00\",\"dateModified\":\"2025-02-19T22:18:00+00:00\",\"breadcrumb\":{\"@id\":\"https:\\\/\\\/staging.boulangerieepifanny.com\\\/en_ca\\\/toogoodtogo\\\/#breadcrumb\"},\"inLanguage\":\"en-CA\",\"potentialAction\":[{\"@type\":\"ReadAction\",\"target\":[\"https:\\\/\\\/staging.boulangerieepifanny.com\\\/en_ca\\\/toogoodtogo\\\/\"]}]},{\"@type\":\"BreadcrumbList\",\"@id\":\"https:\\\/\\\/staging.boulangerieepifanny.com\\\/en_ca\\\/toogoodtogo\\\/#breadcrumb\",\"itemListElement\":[{\"@type\":\"ListItem\",\"position\":1,\"name\":\"Inicio\",\"item\":\"https:\\\/\\\/staging.boulangerieepifanny.com\\\/\"},{\"@type\":\"ListItem\",\"position\":2,\"name\":\"TooGoodTogo\"}]},{\"@type\":\"WebSite\",\"@id\":\"https:\\\/\\\/staging.boulangerieepifanny.com\\\/#website\",\"url\":\"https:\\\/\\\/staging.boulangerieepifanny.com\\\/\",\"name\":\"Boulangerie Epi&#039;fanny\",\"description\":\"Boulangerie Viennoiseries P\u00e2tisserie  Sandwicherie Caf\u00e9\",\"publisher\":{\"@id\":\"https:\\\/\\\/staging.boulangerieepifanny.com\\\/#organization\"},\"potentialAction\":[{\"@type\":\"SearchAction\",\"target\":{\"@type\":\"EntryPoint\",\"urlTemplate\":\"https:\\\/\\\/staging.boulangerieepifanny.com\\\/?s={search_term_string}\"},\"query-input\":{\"@type\":\"PropertyValueSpecification\",\"valueRequired\":true,\"valueName\":\"search_term_string\"}}],\"inLanguage\":\"en-CA\"},{\"@type\":\"Organization\",\"@id\":\"https:\\\/\\\/staging.boulangerieepifanny.com\\\/#organization\",\"name\":\"Boulangerie Epi&#039;fanny\",\"url\":\"https:\\\/\\\/staging.boulangerieepifanny.com\\\/\",\"logo\":{\"@type\":\"ImageObject\",\"inLanguage\":\"en-CA\",\"@id\":\"https:\\\/\\\/staging.boulangerieepifanny.com\\\/#\\\/schema\\\/logo\\\/image\\\/\",\"url\":\"https:\\\/\\\/staging.boulangerieepifanny.com\\\/wp-content\\\/uploads\\\/2021\\\/08\\\/cropped-boulangerie-epifanny-mail.png\",\"contentUrl\":\"https:\\\/\\\/staging.boulangerieepifanny.com\\\/wp-content\\\/uploads\\\/2021\\\/08\\\/cropped-boulangerie-epifanny-mail.png\",\"width\":512,\"height\":512,\"caption\":\"Boulangerie Epi&#039;fanny\"},\"image\":{\"@id\":\"https:\\\/\\\/staging.boulangerieepifanny.com\\\/#\\\/schema\\\/logo\\\/image\\\/\"}}]}<\/script>\n<!-- \/ Yoast SEO plugin. -->","yoast_head_json":{"title":"TooGoodTogo - Boulangerie Epi&#039;fanny","robots":{"index":"noindex","follow":"follow","max-snippet":"max-snippet:-1","max-image-preview":"max-image-preview:large","max-video-preview":"max-video-preview:-1"},"og_locale":"en_US","og_type":"article","og_title":"TooGoodTogo - Boulangerie Epi&#039;fanny","og_description":"L&#8217;application anti-gaspillage Too Good To Go Lutter contre le gaspillage et la pollution avec Too Good To Go Dans un monde o\u00f9 le gaspillage de nourriture et de ressources est devenu une pr\u00e9occupation globale, il est crucial de prendre des mesures pour r\u00e9duire notre empreinte environnementale. Chaque ann\u00e9e, des millions de tonnes de nourriture sont [&hellip;]","og_url":"https:\/\/staging.boulangerieepifanny.com\/en\/en_ca\/toogoodtogo\/","og_site_name":"Boulangerie Epi&#039;fanny","article_modified_time":"2025-02-19T22:18:00+00:00","twitter_card":"summary_large_image","twitter_misc":{"Est. reading time":"2 minutes"},"schema":{"@context":"https:\/\/schema.org","@graph":[{"@type":"WebPage","@id":"https:\/\/staging.boulangerieepifanny.com\/en_ca\/toogoodtogo\/","url":"https:\/\/staging.boulangerieepifanny.com\/en_ca\/toogoodtogo\/","name":"TooGoodTogo - Boulangerie Epi&#039;fanny","isPartOf":{"@id":"https:\/\/staging.boulangerieepifanny.com\/#website"},"datePublished":"2025-02-19T22:17:19+00:00","dateModified":"2025-02-19T22:18:00+00:00","breadcrumb":{"@id":"https:\/\/staging.boulangerieepifanny.com\/en_ca\/toogoodtogo\/#breadcrumb"},"inLanguage":"en-CA","potentialAction":[{"@type":"ReadAction","target":["https:\/\/staging.boulangerieepifanny.com\/en_ca\/toogoodtogo\/"]}]},{"@type":"BreadcrumbList","@id":"https:\/\/staging.boulangerieepifanny.com\/en_ca\/toogoodtogo\/#breadcrumb","itemListElement":[{"@type":"ListItem","position":1,"name":"Inicio","item":"https:\/\/staging.boulangerieepifanny.com\/"},{"@type":"ListItem","position":2,"name":"TooGoodTogo"}]},{"@type":"WebSite","@id":"https:\/\/staging.boulangerieepifanny.com\/#website","url":"https:\/\/staging.boulangerieepifanny.com\/","name":"Epi&#039;fanny Bakery","description":"Bakery, Viennese Pastries, Pastry Shop, Sandwich Shop, Cafe","publisher":{"@id":"https:\/\/staging.boulangerieepifanny.com\/#organization"},"potentialAction":[{"@type":"SearchAction","target":{"@type":"EntryPoint","urlTemplate":"https:\/\/staging.boulangerieepifanny.com\/?s={search_term_string}"},"query-input":{"@type":"PropertyValueSpecification","valueRequired":true,"valueName":"search_term_string"}}],"inLanguage":"en-CA"},{"@type":"Organization","@id":"https:\/\/staging.boulangerieepifanny.com\/#organization","name":"Epi&#039;fanny Bakery","url":"https:\/\/staging.boulangerieepifanny.com\/","logo":{"@type":"ImageObject","inLanguage":"en-CA","@id":"https:\/\/staging.boulangerieepifanny.com\/#\/schema\/logo\/image\/","url":"https:\/\/staging.boulangerieepifanny.com\/wp-content\/uploads\/2021\/08\/cropped-boulangerie-epifanny-mail.png","contentUrl":"https:\/\/staging.boulangerieepifanny.com\/wp-content\/uploads\/2021\/08\/cropped-boulangerie-epifanny-mail.png","width":512,"height":512,"caption":"Boulangerie Epi&#039;fanny"},"image":{"@id":"https:\/\/staging.boulangerieepifanny.com\/#\/schema\/logo\/image\/"}}]}},"_links":{"self":[{"href":"https:\/\/staging.boulangerieepifanny.com\/en\/wp-json\/wp\/v2\/pages\/3333","targetHints":{"allow":["GET"]}}],"collection":[{"href":"https:\/\/staging.boulangerieepifanny.com\/en\/wp-json\/wp\/v2\/pages"}],"about":[{"href":"https:\/\/staging.boulangerieepifanny.com\/en\/wp-json\/wp\/v2\/types\/page"}],"author":[{"embeddable":true,"href":"https:\/\/staging.boulangerieepifanny.com\/en\/wp-json\/wp\/v2\/users\/3"}],"replies":[{"embeddable":true,"href":"https:\/\/staging.boulangerieepifanny.com\/en\/wp-json\/wp\/v2\/comments?post=3333"}],"version-history":[{"count":4,"href":"https:\/\/staging.boulangerieepifanny.com\/en\/wp-json\/wp\/v2\/pages\/3333\/revisions"}],"predecessor-version":[{"id":3447,"href":"https:\/\/staging.boulangerieepifanny.com\/en\/wp-json\/wp\/v2\/pages\/3333\/revisions\/3447"}],"wp:attachment":[{"href":"https:\/\/staging.boulangerieepifanny.com\/en\/wp-json\/wp\/v2\/media?parent=3333"}],"curies":[{"name":"wp","href":"https:\/\/api.w.org\/{rel}","templated":true}]}}