{"id":3329,"date":"2025-02-19T17:17:18","date_gmt":"2025-02-19T22:17:18","guid":{"rendered":"https:\/\/boulangerieepifanny.com\/faq\/"},"modified":"2025-02-19T17:18:00","modified_gmt":"2025-02-19T22:18:00","slug":"faq","status":"publish","type":"page","link":"https:\/\/staging.boulangerieepifanny.com\/en\/faq\/","title":{"rendered":"FAQ"},"content":{"rendered":"<div data-elementor-type=\"wp-page\" data-elementor-id=\"3329\" class=\"elementor elementor-3329\" data-elementor-post-type=\"page\">\n\t\t\t\t<div class=\"elementor-element elementor-element-5ec0df5c e-flex e-con-boxed e-con e-parent\" data-id=\"5ec0df5c\" data-element_type=\"container\" data-e-type=\"container\" data-settings=\"{&quot;background_background&quot;:&quot;classic&quot;}\">\n\t\t\t\t\t<div class=\"e-con-inner\">\n\t\t\t\t<div class=\"elementor-element elementor-element-3037134c elementor-widget elementor-widget-heading\" data-id=\"3037134c\" data-element_type=\"widget\" data-e-type=\"widget\" data-widget_type=\"heading.default\">\n\t\t\t\t\t<h2 class=\"elementor-heading-title elementor-size-default\">Frequently asked questions?<\/h2>\t\t\t\t<\/div>\n\t\t\t\t\t<\/div>\n\t\t\t\t<\/div>\n\t\t<div class=\"elementor-element elementor-element-8b5b90c e-flex e-con-boxed e-con e-parent\" data-id=\"8b5b90c\" data-element_type=\"container\" data-e-type=\"container\">\n\t\t\t\t\t<div class=\"e-con-inner\">\n\t\t\t\t<div class=\"elementor-element elementor-element-5e399854 elementor-widget elementor-widget-text-editor\" data-id=\"5e399854\" data-element_type=\"widget\" data-e-type=\"widget\" data-widget_type=\"text-editor.default\">\n\t\t\t\t\t\t\t\t\t<h3 class=\"wp-block-heading\">What makes your bakery&#039;s bread artisanal?<\/h3>\n<p><!-- \/wp:heading --><!-- wp:paragraph --><\/p>\n<p>Our bread is artisanal because we use high-quality ingredients, traditional production techniques, and natural fermentation. Each piece is kneaded and baked by hand, guaranteeing a unique and delicious product.<\/p>\n<p><!-- \/wp:paragraph --><!-- wp:heading {\"level\":3} --><\/p>\n<h3 class=\"wp-block-heading\">Do you use organic ingredients?<\/h3>\n<p><!-- \/wp:heading --><!-- wp:paragraph --><\/p>\n<p>Yes, we offer a variety of breads made with organic ingredients. Each ingredient is carefully selected for its flavor and nutritional qualities. Most of our raw materials come from organic and eco-responsible producers. We use stone-ground Charlevoix wheat flour, guaranteeing products that respect both your health and the environment while offering a rich, authentic taste.<\/p>\n<p><!-- \/wp:paragraph --><!-- wp:heading {\"level\":3} --><\/p>\n<h3 class=\"wp-block-heading\">How often do you bake?<\/h3>\n<p><!-- \/wp:heading --><!-- wp:paragraph --><\/p>\n<p>We bake daily, which means you&#039;ll always find fresh bread. Specific baking times vary, so please check our baking times section.<\/p>\n<p><!-- \/wp:paragraph --><!-- wp:heading {\"level\":3} --><\/p>\n<h3 class=\"wp-block-heading\">Can I order bread in advance?<\/h3>\n<p><!-- \/wp:heading --><!-- wp:paragraph --><\/p>\n<p>Yes, we accept advance orders. You can order in person, by phone, or through our website. Please make sure to place your order well in advance, especially for large or special orders.<\/p>\n<p><!-- \/wp:paragraph --><!-- wp:heading {\"level\":3} --><\/p>\n<h3 class=\"wp-block-heading\">Do you have a return policy?<\/h3>\n<p><!-- \/wp:heading --><!-- wp:paragraph --><\/p>\n<p>We want you to be completely satisfied with your purchase. If you have any problems with your order, please contact us within 24 hours so we can resolve them.<\/p>\n<p><!-- \/wp:paragraph --><!-- wp:heading {\"level\":3} --><\/p>\n<h3 class=\"wp-block-heading\">What type of fermentation do you use?<\/h3>\n<p><!-- \/wp:heading --><!-- wp:paragraph --><\/p>\n<p>We use natural sourdough fermentation for most of our breads, which improves both flavor and texture, while providing digestive benefits.<\/p>\t\t\t\t\t\t\t\t<\/div>\n\t\t\t\t\t<\/div>\n\t\t\t\t<\/div>\n\t\t\t\t<\/div>","protected":false},"excerpt":{"rendered":"<p>Questions fr\u00e9quemment pos\u00e9es ? Qu&#8217;est-ce qui fait que le pain de votre boulangerie est artisanal ? Notre pain est artisanal parce que nous utilisons des ingr\u00e9dients de haute qualit\u00e9, des techniques de production traditionnelles et une fermentation naturelle. Chaque pi\u00e8ce est p\u00e9trie et cuite \u00e0 la main, ce qui garantit un produit unique et savoureux. [&hellip;]<\/p>\n","protected":false},"author":3,"featured_media":0,"parent":0,"menu_order":11,"comment_status":"closed","ping_status":"closed","template":"","meta":{"inline_featured_image":false,"footnotes":""},"class_list":["post-3329","page","type-page","status-publish","hentry"],"yoast_head":"<!-- This site is optimized with the Yoast SEO plugin v27.3 - https:\/\/yoast.com\/product\/yoast-seo-wordpress\/ -->\n<title>FAQ - Boulangerie Epi&#039;fanny<\/title>\n<meta name=\"robots\" content=\"noindex, follow, max-snippet:-1, max-image-preview:large, max-video-preview:-1\" \/>\n<meta property=\"og:locale\" content=\"en_US\" \/>\n<meta property=\"og:type\" content=\"article\" \/>\n<meta property=\"og:title\" content=\"FAQ - Boulangerie Epi&#039;fanny\" \/>\n<meta property=\"og:description\" content=\"Questions fr\u00e9quemment pos\u00e9es ? Qu&#8217;est-ce qui fait que le pain de votre boulangerie est artisanal ? Notre pain est artisanal parce que nous utilisons des ingr\u00e9dients de haute qualit\u00e9, des techniques de production traditionnelles et une fermentation naturelle. Chaque pi\u00e8ce est p\u00e9trie et cuite \u00e0 la main, ce qui garantit un produit unique et savoureux. [&hellip;]\" \/>\n<meta property=\"og:url\" content=\"https:\/\/staging.boulangerieepifanny.com\/en\/faq\/\" \/>\n<meta property=\"og:site_name\" content=\"Boulangerie Epi&#039;fanny\" \/>\n<meta property=\"article:modified_time\" content=\"2025-02-19T22:18:00+00:00\" \/>\n<meta name=\"twitter:card\" content=\"summary_large_image\" \/>\n<meta name=\"twitter:label1\" content=\"Est. reading time\" \/>\n\t<meta name=\"twitter:data1\" content=\"1 minute\" \/>\n<script type=\"application\/ld+json\" class=\"yoast-schema-graph\">{\"@context\":\"https:\\\/\\\/schema.org\",\"@graph\":[{\"@type\":\"WebPage\",\"@id\":\"https:\\\/\\\/staging.boulangerieepifanny.com\\\/faq\\\/\",\"url\":\"https:\\\/\\\/staging.boulangerieepifanny.com\\\/faq\\\/\",\"name\":\"FAQ - Boulangerie Epi&#039;fanny\",\"isPartOf\":{\"@id\":\"https:\\\/\\\/staging.boulangerieepifanny.com\\\/#website\"},\"datePublished\":\"2025-02-19T22:17:18+00:00\",\"dateModified\":\"2025-02-19T22:18:00+00:00\",\"breadcrumb\":{\"@id\":\"https:\\\/\\\/staging.boulangerieepifanny.com\\\/faq\\\/#breadcrumb\"},\"inLanguage\":\"en-CA\",\"potentialAction\":[{\"@type\":\"ReadAction\",\"target\":[\"https:\\\/\\\/staging.boulangerieepifanny.com\\\/faq\\\/\"]}]},{\"@type\":\"BreadcrumbList\",\"@id\":\"https:\\\/\\\/staging.boulangerieepifanny.com\\\/faq\\\/#breadcrumb\",\"itemListElement\":[{\"@type\":\"ListItem\",\"position\":1,\"name\":\"Inicio\",\"item\":\"https:\\\/\\\/staging.boulangerieepifanny.com\\\/\"},{\"@type\":\"ListItem\",\"position\":2,\"name\":\"FAQ\"}]},{\"@type\":\"WebSite\",\"@id\":\"https:\\\/\\\/staging.boulangerieepifanny.com\\\/#website\",\"url\":\"https:\\\/\\\/staging.boulangerieepifanny.com\\\/\",\"name\":\"Boulangerie Epi&#039;fanny\",\"description\":\"Boulangerie Viennoiseries P\u00e2tisserie  Sandwicherie Caf\u00e9\",\"publisher\":{\"@id\":\"https:\\\/\\\/staging.boulangerieepifanny.com\\\/#organization\"},\"potentialAction\":[{\"@type\":\"SearchAction\",\"target\":{\"@type\":\"EntryPoint\",\"urlTemplate\":\"https:\\\/\\\/staging.boulangerieepifanny.com\\\/?s={search_term_string}\"},\"query-input\":{\"@type\":\"PropertyValueSpecification\",\"valueRequired\":true,\"valueName\":\"search_term_string\"}}],\"inLanguage\":\"en-CA\"},{\"@type\":\"Organization\",\"@id\":\"https:\\\/\\\/staging.boulangerieepifanny.com\\\/#organization\",\"name\":\"Boulangerie Epi&#039;fanny\",\"url\":\"https:\\\/\\\/staging.boulangerieepifanny.com\\\/\",\"logo\":{\"@type\":\"ImageObject\",\"inLanguage\":\"en-CA\",\"@id\":\"https:\\\/\\\/staging.boulangerieepifanny.com\\\/#\\\/schema\\\/logo\\\/image\\\/\",\"url\":\"https:\\\/\\\/staging.boulangerieepifanny.com\\\/wp-content\\\/uploads\\\/2021\\\/08\\\/cropped-boulangerie-epifanny-mail.png\",\"contentUrl\":\"https:\\\/\\\/staging.boulangerieepifanny.com\\\/wp-content\\\/uploads\\\/2021\\\/08\\\/cropped-boulangerie-epifanny-mail.png\",\"width\":512,\"height\":512,\"caption\":\"Boulangerie Epi&#039;fanny\"},\"image\":{\"@id\":\"https:\\\/\\\/staging.boulangerieepifanny.com\\\/#\\\/schema\\\/logo\\\/image\\\/\"}}]}<\/script>\n<!-- \/ Yoast SEO plugin. -->","yoast_head_json":{"title":"FAQ - Boulangerie Epi&#039;fanny","robots":{"index":"noindex","follow":"follow","max-snippet":"max-snippet:-1","max-image-preview":"max-image-preview:large","max-video-preview":"max-video-preview:-1"},"og_locale":"en_US","og_type":"article","og_title":"FAQ - Boulangerie Epi&#039;fanny","og_description":"Questions fr\u00e9quemment pos\u00e9es ? Qu&#8217;est-ce qui fait que le pain de votre boulangerie est artisanal ? Notre pain est artisanal parce que nous utilisons des ingr\u00e9dients de haute qualit\u00e9, des techniques de production traditionnelles et une fermentation naturelle. Chaque pi\u00e8ce est p\u00e9trie et cuite \u00e0 la main, ce qui garantit un produit unique et savoureux. [&hellip;]","og_url":"https:\/\/staging.boulangerieepifanny.com\/en\/faq\/","og_site_name":"Boulangerie Epi&#039;fanny","article_modified_time":"2025-02-19T22:18:00+00:00","twitter_card":"summary_large_image","twitter_misc":{"Est. reading time":"1 minute"},"schema":{"@context":"https:\/\/schema.org","@graph":[{"@type":"WebPage","@id":"https:\/\/staging.boulangerieepifanny.com\/faq\/","url":"https:\/\/staging.boulangerieepifanny.com\/faq\/","name":"FAQ - Boulangerie Epi&#039;fanny","isPartOf":{"@id":"https:\/\/staging.boulangerieepifanny.com\/#website"},"datePublished":"2025-02-19T22:17:18+00:00","dateModified":"2025-02-19T22:18:00+00:00","breadcrumb":{"@id":"https:\/\/staging.boulangerieepifanny.com\/faq\/#breadcrumb"},"inLanguage":"en-CA","potentialAction":[{"@type":"ReadAction","target":["https:\/\/staging.boulangerieepifanny.com\/faq\/"]}]},{"@type":"BreadcrumbList","@id":"https:\/\/staging.boulangerieepifanny.com\/faq\/#breadcrumb","itemListElement":[{"@type":"ListItem","position":1,"name":"Inicio","item":"https:\/\/staging.boulangerieepifanny.com\/"},{"@type":"ListItem","position":2,"name":"FAQ"}]},{"@type":"WebSite","@id":"https:\/\/staging.boulangerieepifanny.com\/#website","url":"https:\/\/staging.boulangerieepifanny.com\/","name":"Epi&#039;fanny Bakery","description":"Bakery, Viennese Pastries, Pastry Shop, Sandwich Shop, Cafe","publisher":{"@id":"https:\/\/staging.boulangerieepifanny.com\/#organization"},"potentialAction":[{"@type":"SearchAction","target":{"@type":"EntryPoint","urlTemplate":"https:\/\/staging.boulangerieepifanny.com\/?s={search_term_string}"},"query-input":{"@type":"PropertyValueSpecification","valueRequired":true,"valueName":"search_term_string"}}],"inLanguage":"en-CA"},{"@type":"Organization","@id":"https:\/\/staging.boulangerieepifanny.com\/#organization","name":"Epi&#039;fanny Bakery","url":"https:\/\/staging.boulangerieepifanny.com\/","logo":{"@type":"ImageObject","inLanguage":"en-CA","@id":"https:\/\/staging.boulangerieepifanny.com\/#\/schema\/logo\/image\/","url":"https:\/\/staging.boulangerieepifanny.com\/wp-content\/uploads\/2021\/08\/cropped-boulangerie-epifanny-mail.png","contentUrl":"https:\/\/staging.boulangerieepifanny.com\/wp-content\/uploads\/2021\/08\/cropped-boulangerie-epifanny-mail.png","width":512,"height":512,"caption":"Boulangerie Epi&#039;fanny"},"image":{"@id":"https:\/\/staging.boulangerieepifanny.com\/#\/schema\/logo\/image\/"}}]}},"_links":{"self":[{"href":"https:\/\/staging.boulangerieepifanny.com\/en\/wp-json\/wp\/v2\/pages\/3329","targetHints":{"allow":["GET"]}}],"collection":[{"href":"https:\/\/staging.boulangerieepifanny.com\/en\/wp-json\/wp\/v2\/pages"}],"about":[{"href":"https:\/\/staging.boulangerieepifanny.com\/en\/wp-json\/wp\/v2\/types\/page"}],"author":[{"embeddable":true,"href":"https:\/\/staging.boulangerieepifanny.com\/en\/wp-json\/wp\/v2\/users\/3"}],"replies":[{"embeddable":true,"href":"https:\/\/staging.boulangerieepifanny.com\/en\/wp-json\/wp\/v2\/comments?post=3329"}],"version-history":[{"count":4,"href":"https:\/\/staging.boulangerieepifanny.com\/en\/wp-json\/wp\/v2\/pages\/3329\/revisions"}],"predecessor-version":[{"id":3445,"href":"https:\/\/staging.boulangerieepifanny.com\/en\/wp-json\/wp\/v2\/pages\/3329\/revisions\/3445"}],"wp:attachment":[{"href":"https:\/\/staging.boulangerieepifanny.com\/en\/wp-json\/wp\/v2\/media?parent=3329"}],"curies":[{"name":"wp","href":"https:\/\/api.w.org\/{rel}","templated":true}]}}