{"id":3304,"date":"2025-02-19T17:17:04","date_gmt":"2025-02-19T22:17:04","guid":{"rendered":"https:\/\/boulangerieepifanny.com\/boulangerie-epifanny-maizerets\/"},"modified":"2025-04-05T12:00:15","modified_gmt":"2025-04-05T16:00:15","slug":"boulangerie-epifanny-maizerets","status":"publish","type":"page","link":"https:\/\/staging.boulangerieepifanny.com\/en\/boulangerie-epifanny-maizerets\/","title":{"rendered":"Epi&#039;Fanny Bakery | Maizerets"},"content":{"rendered":"<div data-elementor-type=\"wp-page\" data-elementor-id=\"3304\" class=\"elementor elementor-3304\" data-elementor-post-type=\"page\">\n\t\t\t\t<div class=\"elementor-element elementor-element-fcd27f5 e-con-full e-flex e-con e-parent\" data-id=\"fcd27f5\" data-element_type=\"container\" data-e-type=\"container\">\n\t\t\t\t<\/div>\n\t\t<div class=\"elementor-element elementor-element-b216b9a e-con-full e-flex e-con e-parent\" data-id=\"b216b9a\" data-element_type=\"container\" data-e-type=\"container\">\n\t\t\t\t<div class=\"elementor-element elementor-element-1cdb4fd8 elementor-widget elementor-widget-google_maps\" data-id=\"1cdb4fd8\" data-element_type=\"widget\" data-e-type=\"widget\" data-widget_type=\"google_maps.default\">\n\t\t\t\t\t\t\t<div class=\"elementor-custom-embed\">\n\t\t\t<iframe loading=\"lazy\"\n\t\t\t\t\tsrc=\"https:\/\/maps.google.com\/maps?q=1590%2C%20rue%20Grandville%2C%20Boulangerie%20Epi%27Fanny%20%7C%20Maizerets&#038;t=m&#038;z=13&#038;output=embed&#038;iwloc=near\"\n\t\t\t\t\ttitle=\"1590, rue Grandville, Boulangerie Epi&#039;Fanny | Maizerets\"\n\t\t\t\t\taria-label=\"1590, rue Grandville, Boulangerie Epi&#039;Fanny | Maizerets\"\n\t\t\t><\/iframe>\n\t\t<\/div>\n\t\t\t\t\t\t<\/div>\n\t\t\t\t<\/div>\n\t\t<div class=\"elementor-element elementor-element-413aa3dd e-flex e-con-boxed e-con e-parent\" data-id=\"413aa3dd\" data-element_type=\"container\" data-e-type=\"container\">\n\t\t\t\t\t<div class=\"e-con-inner\">\n\t\t<div class=\"elementor-element elementor-element-7e1f671f e-con-full e-flex e-con e-child\" data-id=\"7e1f671f\" data-element_type=\"container\" data-e-type=\"container\">\n\t\t<div class=\"elementor-element elementor-element-1bee189c e-con-full e-flex e-con e-child\" data-id=\"1bee189c\" data-element_type=\"container\" data-e-type=\"container\">\n\t\t\t\t<div class=\"elementor-element elementor-element-70c1dbad elementor-widget elementor-widget-image\" data-id=\"70c1dbad\" data-element_type=\"widget\" data-e-type=\"widget\" data-widget_type=\"image.default\">\n\t\t\t\t\t\t\t\t\t\t\t\t\t\t\t<img fetchpriority=\"high\" decoding=\"async\" width=\"800\" height=\"633\" src=\"https:\/\/staging.boulangerieepifanny.com\/wp-content\/uploads\/2025\/02\/contact_boulangerie_epifanny-1.png\" class=\"attachment-large size-large wp-image-3277\" alt=\"\" srcset=\"https:\/\/staging.boulangerieepifanny.com\/wp-content\/uploads\/2025\/02\/contact_boulangerie_epifanny-1.png 920w, https:\/\/staging.boulangerieepifanny.com\/wp-content\/uploads\/2025\/02\/contact_boulangerie_epifanny-1-600x475.png 600w, https:\/\/staging.boulangerieepifanny.com\/wp-content\/uploads\/2025\/02\/contact_boulangerie_epifanny-1-300x237.png 300w, https:\/\/staging.boulangerieepifanny.com\/wp-content\/uploads\/2025\/02\/contact_boulangerie_epifanny-1-768x608.png 768w, https:\/\/staging.boulangerieepifanny.com\/wp-content\/uploads\/2025\/02\/contact_boulangerie_epifanny-1-15x12.png 15w\" sizes=\"(max-width: 800px) 100vw, 800px\" \/>\t\t\t\t\t\t\t\t\t\t\t\t\t\t\t<\/div>\n\t\t\t\t<\/div>\n\t\t<div class=\"elementor-element elementor-element-64b51c5c e-con-full e-flex e-con e-child\" data-id=\"64b51c5c\" data-element_type=\"container\" data-e-type=\"container\">\n\t\t\t\t<div class=\"elementor-element elementor-element-2b78de61 elementor-widget elementor-widget-heading\" data-id=\"2b78de61\" data-element_type=\"widget\" data-e-type=\"widget\" data-widget_type=\"heading.default\">\n\t\t\t\t\t<h2 class=\"elementor-heading-title elementor-size-default\">Opening hours<\/h2>\t\t\t\t<\/div>\n\t\t\t\t<div class=\"elementor-element elementor-element-2ba4a899 elementor-widget elementor-widget-text-editor\" data-id=\"2ba4a899\" data-element_type=\"widget\" data-e-type=\"widget\" data-widget_type=\"text-editor.default\">\n\t\t\t\t\t\t\t\t\t<p><strong>Branch 1590, rue Grandville, G1J 1V4<\/strong><\/p><ul><li>Monday: 7 a.m. to 5 p.m.<\/li><li>Tuesday: 7 a.m. to 5 p.m.<\/li><li>Wednesday: 7 a.m. to 5 p.m.<\/li><li>Thursday: 7 a.m. to 5 p.m.<\/li><li>Friday: 7 a.m. to 5 p.m.<\/li><li>Saturday: 7 a.m. to 4 p.m.<\/li><li>Sunday: 8 a.m. to 4 p.m.<br \/><br \/><br \/><\/li><\/ul><p><strong>T.<\/strong> 418 523-3536\u00a0 | <a href=\"mailto:info@boulangerieepifanny.com\">info@boulangerieepifanny.com<\/a><\/p>\t\t\t\t\t\t\t\t<\/div>\n\t\t\t\t<\/div>\n\t\t\t\t<\/div>\n\t\t\t\t\t<\/div>\n\t\t\t\t<\/div>\n\t\t\t\t<\/div>","protected":false},"excerpt":{"rendered":"<p>Opening Hours Branch 1590, rue Grandville, G1J 1V4 Monday: 7 a.m. to 5 p.m. Tuesday: 7 a.m. to 5 p.m. Wednesday: 7 a.m. to 5 p.m. Thursday: 7 a.m. to 5 p.m. Friday: 7 a.m. to 5 p.m. Saturday: 7 a.m. to 4 p.m. Sunday: 8 a.m. to 4 p.m. T. 418 523-3536 | info@boulangerieepifanny.com<\/p>","protected":false},"author":3,"featured_media":0,"parent":0,"menu_order":4,"comment_status":"closed","ping_status":"closed","template":"","meta":{"inline_featured_image":false,"footnotes":""},"class_list":["post-3304","page","type-page","status-publish","hentry"],"yoast_head":"<!-- This site is optimized with the Yoast SEO plugin v27.3 - https:\/\/yoast.com\/product\/yoast-seo-wordpress\/ -->\n<title>Boulangerie Epi&#039;Fanny | Maizerets - Boulangerie Epi&#039;fanny<\/title>\n<meta name=\"robots\" content=\"noindex, follow, max-snippet:-1, max-image-preview:large, max-video-preview:-1\" \/>\n<meta property=\"og:locale\" content=\"en_US\" \/>\n<meta property=\"og:type\" content=\"article\" \/>\n<meta property=\"og:title\" content=\"Boulangerie Epi&#039;Fanny | Maizerets - Boulangerie Epi&#039;fanny\" \/>\n<meta property=\"og:description\" content=\"Heures d&#8217;ouvertures Succursale 1590, rue Grandville, G1J 1V4 Lundi : 7 h \u00e0 17 h Mardi : 7h \u00e0 17h Mercredi : 7h \u00e0 17h Jeudi : 7h \u00e0 17h Vendredi : 7h \u00e0 17h Samedi : 7h \u00e0 16h Dimanche : 8h \u00e0 16h T. 418 523-3536\u00a0 | info@boulangerieepifanny.com\" \/>\n<meta property=\"og:url\" content=\"https:\/\/staging.boulangerieepifanny.com\/en\/boulangerie-epifanny-maizerets\/\" \/>\n<meta property=\"og:site_name\" content=\"Boulangerie Epi&#039;fanny\" \/>\n<meta property=\"article:modified_time\" content=\"2025-04-05T16:00:15+00:00\" \/>\n<meta property=\"og:image\" content=\"https:\/\/staging.boulangerieepifanny.com\/wp-content\/uploads\/2025\/02\/contact_boulangerie_epifanny-1.png\" \/>\n\t<meta property=\"og:image:width\" content=\"920\" \/>\n\t<meta property=\"og:image:height\" content=\"728\" \/>\n\t<meta property=\"og:image:type\" content=\"image\/png\" \/>\n<meta name=\"twitter:card\" content=\"summary_large_image\" \/>\n<meta name=\"twitter:label1\" content=\"Est. reading time\" \/>\n\t<meta name=\"twitter:data1\" content=\"1 minute\" \/>\n<script type=\"application\/ld+json\" class=\"yoast-schema-graph\">{\"@context\":\"https:\\\/\\\/schema.org\",\"@graph\":[{\"@type\":\"WebPage\",\"@id\":\"https:\\\/\\\/staging.boulangerieepifanny.com\\\/boulangerie-epifanny-maizerets\\\/\",\"url\":\"https:\\\/\\\/staging.boulangerieepifanny.com\\\/boulangerie-epifanny-maizerets\\\/\",\"name\":\"Boulangerie Epi'Fanny | Maizerets - Boulangerie Epi&#039;fanny\",\"isPartOf\":{\"@id\":\"https:\\\/\\\/staging.boulangerieepifanny.com\\\/#website\"},\"primaryImageOfPage\":{\"@id\":\"https:\\\/\\\/staging.boulangerieepifanny.com\\\/boulangerie-epifanny-maizerets\\\/#primaryimage\"},\"image\":{\"@id\":\"https:\\\/\\\/staging.boulangerieepifanny.com\\\/boulangerie-epifanny-maizerets\\\/#primaryimage\"},\"thumbnailUrl\":\"https:\\\/\\\/staging.boulangerieepifanny.com\\\/wp-content\\\/uploads\\\/2025\\\/02\\\/contact_boulangerie_epifanny-1.png\",\"datePublished\":\"2025-02-19T22:17:04+00:00\",\"dateModified\":\"2025-04-05T16:00:15+00:00\",\"breadcrumb\":{\"@id\":\"https:\\\/\\\/staging.boulangerieepifanny.com\\\/boulangerie-epifanny-maizerets\\\/#breadcrumb\"},\"inLanguage\":\"en-CA\",\"potentialAction\":[{\"@type\":\"ReadAction\",\"target\":[\"https:\\\/\\\/staging.boulangerieepifanny.com\\\/boulangerie-epifanny-maizerets\\\/\"]}]},{\"@type\":\"ImageObject\",\"inLanguage\":\"en-CA\",\"@id\":\"https:\\\/\\\/staging.boulangerieepifanny.com\\\/boulangerie-epifanny-maizerets\\\/#primaryimage\",\"url\":\"https:\\\/\\\/staging.boulangerieepifanny.com\\\/wp-content\\\/uploads\\\/2025\\\/02\\\/contact_boulangerie_epifanny-1.png\",\"contentUrl\":\"https:\\\/\\\/staging.boulangerieepifanny.com\\\/wp-content\\\/uploads\\\/2025\\\/02\\\/contact_boulangerie_epifanny-1.png\"},{\"@type\":\"BreadcrumbList\",\"@id\":\"https:\\\/\\\/staging.boulangerieepifanny.com\\\/boulangerie-epifanny-maizerets\\\/#breadcrumb\",\"itemListElement\":[{\"@type\":\"ListItem\",\"position\":1,\"name\":\"Inicio\",\"item\":\"https:\\\/\\\/staging.boulangerieepifanny.com\\\/\"},{\"@type\":\"ListItem\",\"position\":2,\"name\":\"Boulangerie Epi&#8217;Fanny | Maizerets\"}]},{\"@type\":\"WebSite\",\"@id\":\"https:\\\/\\\/staging.boulangerieepifanny.com\\\/#website\",\"url\":\"https:\\\/\\\/staging.boulangerieepifanny.com\\\/\",\"name\":\"Boulangerie Epi&#039;fanny\",\"description\":\"Boulangerie Viennoiseries P\u00e2tisserie  Sandwicherie Caf\u00e9\",\"publisher\":{\"@id\":\"https:\\\/\\\/staging.boulangerieepifanny.com\\\/#organization\"},\"potentialAction\":[{\"@type\":\"SearchAction\",\"target\":{\"@type\":\"EntryPoint\",\"urlTemplate\":\"https:\\\/\\\/staging.boulangerieepifanny.com\\\/?s={search_term_string}\"},\"query-input\":{\"@type\":\"PropertyValueSpecification\",\"valueRequired\":true,\"valueName\":\"search_term_string\"}}],\"inLanguage\":\"en-CA\"},{\"@type\":\"Organization\",\"@id\":\"https:\\\/\\\/staging.boulangerieepifanny.com\\\/#organization\",\"name\":\"Boulangerie Epi&#039;fanny\",\"url\":\"https:\\\/\\\/staging.boulangerieepifanny.com\\\/\",\"logo\":{\"@type\":\"ImageObject\",\"inLanguage\":\"en-CA\",\"@id\":\"https:\\\/\\\/staging.boulangerieepifanny.com\\\/#\\\/schema\\\/logo\\\/image\\\/\",\"url\":\"https:\\\/\\\/staging.boulangerieepifanny.com\\\/wp-content\\\/uploads\\\/2021\\\/08\\\/cropped-boulangerie-epifanny-mail.png\",\"contentUrl\":\"https:\\\/\\\/staging.boulangerieepifanny.com\\\/wp-content\\\/uploads\\\/2021\\\/08\\\/cropped-boulangerie-epifanny-mail.png\",\"width\":512,\"height\":512,\"caption\":\"Boulangerie Epi&#039;fanny\"},\"image\":{\"@id\":\"https:\\\/\\\/staging.boulangerieepifanny.com\\\/#\\\/schema\\\/logo\\\/image\\\/\"}}]}<\/script>\n<!-- \/ Yoast SEO plugin. -->","yoast_head_json":{"title":"Boulangerie Epi'Fanny | Maizerets - Boulangerie Epi&#039;fanny","robots":{"index":"noindex","follow":"follow","max-snippet":"max-snippet:-1","max-image-preview":"max-image-preview:large","max-video-preview":"max-video-preview:-1"},"og_locale":"en_US","og_type":"article","og_title":"Boulangerie Epi'Fanny | Maizerets - Boulangerie Epi&#039;fanny","og_description":"Heures d&#8217;ouvertures Succursale 1590, rue Grandville, G1J 1V4 Lundi : 7 h \u00e0 17 h Mardi : 7h \u00e0 17h Mercredi : 7h \u00e0 17h Jeudi : 7h \u00e0 17h Vendredi : 7h \u00e0 17h Samedi : 7h \u00e0 16h Dimanche : 8h \u00e0 16h T. 418 523-3536\u00a0 | info@boulangerieepifanny.com","og_url":"https:\/\/staging.boulangerieepifanny.com\/en\/boulangerie-epifanny-maizerets\/","og_site_name":"Boulangerie Epi&#039;fanny","article_modified_time":"2025-04-05T16:00:15+00:00","og_image":[{"width":920,"height":728,"url":"https:\/\/staging.boulangerieepifanny.com\/wp-content\/uploads\/2025\/02\/contact_boulangerie_epifanny-1.png","type":"image\/png"}],"twitter_card":"summary_large_image","twitter_misc":{"Est. reading time":"1 minute"},"schema":{"@context":"https:\/\/schema.org","@graph":[{"@type":"WebPage","@id":"https:\/\/staging.boulangerieepifanny.com\/boulangerie-epifanny-maizerets\/","url":"https:\/\/staging.boulangerieepifanny.com\/boulangerie-epifanny-maizerets\/","name":"Boulangerie Epi'Fanny | Maizerets - Boulangerie Epi&#039;fanny","isPartOf":{"@id":"https:\/\/staging.boulangerieepifanny.com\/#website"},"primaryImageOfPage":{"@id":"https:\/\/staging.boulangerieepifanny.com\/boulangerie-epifanny-maizerets\/#primaryimage"},"image":{"@id":"https:\/\/staging.boulangerieepifanny.com\/boulangerie-epifanny-maizerets\/#primaryimage"},"thumbnailUrl":"https:\/\/staging.boulangerieepifanny.com\/wp-content\/uploads\/2025\/02\/contact_boulangerie_epifanny-1.png","datePublished":"2025-02-19T22:17:04+00:00","dateModified":"2025-04-05T16:00:15+00:00","breadcrumb":{"@id":"https:\/\/staging.boulangerieepifanny.com\/boulangerie-epifanny-maizerets\/#breadcrumb"},"inLanguage":"en-CA","potentialAction":[{"@type":"ReadAction","target":["https:\/\/staging.boulangerieepifanny.com\/boulangerie-epifanny-maizerets\/"]}]},{"@type":"ImageObject","inLanguage":"en-CA","@id":"https:\/\/staging.boulangerieepifanny.com\/boulangerie-epifanny-maizerets\/#primaryimage","url":"https:\/\/staging.boulangerieepifanny.com\/wp-content\/uploads\/2025\/02\/contact_boulangerie_epifanny-1.png","contentUrl":"https:\/\/staging.boulangerieepifanny.com\/wp-content\/uploads\/2025\/02\/contact_boulangerie_epifanny-1.png"},{"@type":"BreadcrumbList","@id":"https:\/\/staging.boulangerieepifanny.com\/boulangerie-epifanny-maizerets\/#breadcrumb","itemListElement":[{"@type":"ListItem","position":1,"name":"Inicio","item":"https:\/\/staging.boulangerieepifanny.com\/"},{"@type":"ListItem","position":2,"name":"Boulangerie Epi&#8217;Fanny | Maizerets"}]},{"@type":"WebSite","@id":"https:\/\/staging.boulangerieepifanny.com\/#website","url":"https:\/\/staging.boulangerieepifanny.com\/","name":"Epi&#039;fanny Bakery","description":"Bakery, Viennese Pastries, Pastry Shop, Sandwich Shop, Cafe","publisher":{"@id":"https:\/\/staging.boulangerieepifanny.com\/#organization"},"potentialAction":[{"@type":"SearchAction","target":{"@type":"EntryPoint","urlTemplate":"https:\/\/staging.boulangerieepifanny.com\/?s={search_term_string}"},"query-input":{"@type":"PropertyValueSpecification","valueRequired":true,"valueName":"search_term_string"}}],"inLanguage":"en-CA"},{"@type":"Organization","@id":"https:\/\/staging.boulangerieepifanny.com\/#organization","name":"Epi&#039;fanny Bakery","url":"https:\/\/staging.boulangerieepifanny.com\/","logo":{"@type":"ImageObject","inLanguage":"en-CA","@id":"https:\/\/staging.boulangerieepifanny.com\/#\/schema\/logo\/image\/","url":"https:\/\/staging.boulangerieepifanny.com\/wp-content\/uploads\/2021\/08\/cropped-boulangerie-epifanny-mail.png","contentUrl":"https:\/\/staging.boulangerieepifanny.com\/wp-content\/uploads\/2021\/08\/cropped-boulangerie-epifanny-mail.png","width":512,"height":512,"caption":"Boulangerie Epi&#039;fanny"},"image":{"@id":"https:\/\/staging.boulangerieepifanny.com\/#\/schema\/logo\/image\/"}}]}},"_links":{"self":[{"href":"https:\/\/staging.boulangerieepifanny.com\/en\/wp-json\/wp\/v2\/pages\/3304","targetHints":{"allow":["GET"]}}],"collection":[{"href":"https:\/\/staging.boulangerieepifanny.com\/en\/wp-json\/wp\/v2\/pages"}],"about":[{"href":"https:\/\/staging.boulangerieepifanny.com\/en\/wp-json\/wp\/v2\/types\/page"}],"author":[{"embeddable":true,"href":"https:\/\/staging.boulangerieepifanny.com\/en\/wp-json\/wp\/v2\/users\/3"}],"replies":[{"embeddable":true,"href":"https:\/\/staging.boulangerieepifanny.com\/en\/wp-json\/wp\/v2\/comments?post=3304"}],"version-history":[{"count":25,"href":"https:\/\/staging.boulangerieepifanny.com\/en\/wp-json\/wp\/v2\/pages\/3304\/revisions"}],"predecessor-version":[{"id":4774,"href":"https:\/\/staging.boulangerieepifanny.com\/en\/wp-json\/wp\/v2\/pages\/3304\/revisions\/4774"}],"wp:attachment":[{"href":"https:\/\/staging.boulangerieepifanny.com\/en\/wp-json\/wp\/v2\/media?parent=3304"}],"curies":[{"name":"wp","href":"https:\/\/api.w.org\/{rel}","templated":true}]}}